{"id":960,"date":"2020-06-20T22:53:56","date_gmt":"2020-06-20T20:53:56","guid":{"rendered":"https:\/\/ouvrir-son-coeur.fr\/?page_id=960"},"modified":"2022-11-30T09:12:16","modified_gmt":"2022-11-30T08:12:16","slug":"astuces-ecologiques","status":"publish","type":"page","link":"https:\/\/ouvrir-son-coeur.fr\/index.php\/astuces-ecologiques\/","title":{"rendered":"Astuces \u00e9cologiques"},"content":{"rendered":"<p style=\"text-align: justify;\">Sur cette page je pr\u00e9sente des astuces en faveur de l&rsquo;environnement, pour r\u00e9duire notre impact \u00e9cologique et notre consommation. Je propose des id\u00e9es que j&rsquo;ai test\u00e9 et que j&rsquo;applique moi-m\u00eame dans mon quotidien. Je cite \u00e9galement des actions propos\u00e9es, par divers groupes de personnes, pour que chacun se positionne dans ses choix, en prenant connaissance de ce qui existe d\u00e9j\u00e0.<\/p>\n<div class=\"pt-cv-wrapper\"><div class=\"pt-cv-view pt-cv-grid pt-cv-colsys\" id=\"pt-cv-view-bf55361u3j\"><div data-id=\"pt-cv-page-1\" class=\"pt-cv-page\" data-cvc=\"2\"><div class=\"col-md-6 col-sm-6 col-xs-12 pt-cv-content-item pt-cv-1-col\" ><div class='pt-cv-ifield'><a href=\"https:\/\/ouvrir-son-coeur.fr\/index.php\/2020\/12\/14\/utiliser-des-cosmetiques-fait-maison\/\" class=\"_self pt-cv-href-thumbnail pt-cv-thumb-default\" target=\"_self\" ><img loading=\"lazy\" decoding=\"async\" width=\"1280\" height=\"719\" src=\"https:\/\/ouvrir-son-coeur.fr\/wp-content\/uploads\/2020\/12\/soap-2333391_1280.jpg\" class=\"pt-cv-thumbnail\" alt=\"\" srcset=\"https:\/\/ouvrir-son-coeur.fr\/wp-content\/uploads\/2020\/12\/soap-2333391_1280.jpg 1280w, https:\/\/ouvrir-son-coeur.fr\/wp-content\/uploads\/2020\/12\/soap-2333391_1280-300x169.jpg 300w, https:\/\/ouvrir-son-coeur.fr\/wp-content\/uploads\/2020\/12\/soap-2333391_1280-1024x575.jpg 1024w, https:\/\/ouvrir-son-coeur.fr\/wp-content\/uploads\/2020\/12\/soap-2333391_1280-768x431.jpg 768w, https:\/\/ouvrir-son-coeur.fr\/wp-content\/uploads\/2020\/12\/soap-2333391_1280-1200x674.jpg 1200w\" sizes=\"auto, (max-width: 1280px) 100vw, 1280px\" \/><\/a>\n<h3 class=\"pt-cv-title\"><a href=\"https:\/\/ouvrir-son-coeur.fr\/index.php\/2020\/12\/14\/utiliser-des-cosmetiques-fait-maison\/\" class=\"_self\" target=\"_self\" >Utiliser des cosm\u00e9tiques fait maison<\/a><\/h3>\n<div class=\"pt-cv-content\">Pourquoi: Les cosm\u00e9tiques (cr\u00e8mes, maquillage, soins) sont des produits utilis\u00e9s quotidiennement sur notre peau, afin de prendre soin de notre ...<br \/><div class=\"pt-cv-rmwrap\"><a href=\"https:\/\/ouvrir-son-coeur.fr\/index.php\/2020\/12\/14\/utiliser-des-cosmetiques-fait-maison\/\" class=\"_self pt-cv-readmore btn btn-success\" target=\"_self\">O<\/a><\/div><\/div><\/div><\/div>\n<div class=\"col-md-6 col-sm-6 col-xs-12 pt-cv-content-item pt-cv-1-col\" ><div class='pt-cv-ifield'><a href=\"https:\/\/ouvrir-son-coeur.fr\/index.php\/2020\/12\/11\/privilegier-les-producteurs-locaux\/\" class=\"_self pt-cv-href-thumbnail pt-cv-thumb-default\" target=\"_self\" ><img loading=\"lazy\" decoding=\"async\" width=\"1280\" height=\"766\" src=\"https:\/\/ouvrir-son-coeur.fr\/wp-content\/uploads\/2020\/12\/cress-2033428_1280.jpg\" class=\"pt-cv-thumbnail\" alt=\"\" srcset=\"https:\/\/ouvrir-son-coeur.fr\/wp-content\/uploads\/2020\/12\/cress-2033428_1280.jpg 1280w, https:\/\/ouvrir-son-coeur.fr\/wp-content\/uploads\/2020\/12\/cress-2033428_1280-300x180.jpg 300w, https:\/\/ouvrir-son-coeur.fr\/wp-content\/uploads\/2020\/12\/cress-2033428_1280-1024x613.jpg 1024w, https:\/\/ouvrir-son-coeur.fr\/wp-content\/uploads\/2020\/12\/cress-2033428_1280-768x460.jpg 768w, https:\/\/ouvrir-son-coeur.fr\/wp-content\/uploads\/2020\/12\/cress-2033428_1280-1200x718.jpg 1200w\" sizes=\"auto, (max-width: 1280px) 100vw, 1280px\" \/><\/a>\n<h3 class=\"pt-cv-title\"><a href=\"https:\/\/ouvrir-son-coeur.fr\/index.php\/2020\/12\/11\/privilegier-les-producteurs-locaux\/\" class=\"_self\" target=\"_self\" >Privil\u00e9gier les producteurs locaux<\/a><\/h3>\n<div class=\"pt-cv-content\">Comment: Se renseigner aupr\u00e8s des collectivit\u00e9s locales. Se renseigner aupr\u00e8s des commerces (\u00e9piceries locales). Se balader dans les villages excentr\u00e9s ...<br \/><div class=\"pt-cv-rmwrap\"><a href=\"https:\/\/ouvrir-son-coeur.fr\/index.php\/2020\/12\/11\/privilegier-les-producteurs-locaux\/\" class=\"_self pt-cv-readmore btn btn-success\" target=\"_self\">O<\/a><\/div><\/div><\/div><\/div>\n<div class=\"col-md-6 col-sm-6 col-xs-12 pt-cv-content-item pt-cv-1-col\" ><div class='pt-cv-ifield'><a href=\"https:\/\/ouvrir-son-coeur.fr\/index.php\/2020\/07\/05\/supermarche-cooperatif\/\" class=\"_self pt-cv-href-thumbnail pt-cv-thumb-default\" target=\"_self\" ><img loading=\"lazy\" decoding=\"async\" width=\"1280\" height=\"853\" src=\"https:\/\/ouvrir-son-coeur.fr\/wp-content\/uploads\/2020\/07\/business-1869127_1280.jpg\" class=\"pt-cv-thumbnail\" alt=\"\" srcset=\"https:\/\/ouvrir-son-coeur.fr\/wp-content\/uploads\/2020\/07\/business-1869127_1280.jpg 1280w, https:\/\/ouvrir-son-coeur.fr\/wp-content\/uploads\/2020\/07\/business-1869127_1280-300x200.jpg 300w, https:\/\/ouvrir-son-coeur.fr\/wp-content\/uploads\/2020\/07\/business-1869127_1280-1024x682.jpg 1024w, https:\/\/ouvrir-son-coeur.fr\/wp-content\/uploads\/2020\/07\/business-1869127_1280-768x512.jpg 768w, https:\/\/ouvrir-son-coeur.fr\/wp-content\/uploads\/2020\/07\/business-1869127_1280-1200x800.jpg 1200w\" sizes=\"auto, (max-width: 1280px) 100vw, 1280px\" \/><\/a>\n<h3 class=\"pt-cv-title\"><a href=\"https:\/\/ouvrir-son-coeur.fr\/index.php\/2020\/07\/05\/supermarche-cooperatif\/\" class=\"_self\" target=\"_self\" >Supermarch\u00e9 coop\u00e9ratif<\/a><\/h3>\n<div class=\"pt-cv-content\">Le supermarch\u00e9 coop\u00e9ratif est un syst\u00e8me mis en place pour permettre aux gens, de faire leurs courses \u00e0 des prix ...<br \/><div class=\"pt-cv-rmwrap\"><a href=\"https:\/\/ouvrir-son-coeur.fr\/index.php\/2020\/07\/05\/supermarche-cooperatif\/\" class=\"_self pt-cv-readmore btn btn-success\" target=\"_self\">O<\/a><\/div><\/div><\/div><\/div>\n<div class=\"col-md-6 col-sm-6 col-xs-12 pt-cv-content-item pt-cv-1-col\" ><div class='pt-cv-ifield'><a href=\"https:\/\/ouvrir-son-coeur.fr\/index.php\/2020\/07\/04\/ramasser-les-dechets-en-balade\/\" class=\"_self pt-cv-href-thumbnail pt-cv-thumb-default\" target=\"_self\" ><img loading=\"lazy\" decoding=\"async\" width=\"1280\" height=\"853\" src=\"https:\/\/ouvrir-son-coeur.fr\/wp-content\/uploads\/2020\/07\/nature-4202703_1280.jpg\" class=\"pt-cv-thumbnail\" alt=\"\" srcset=\"https:\/\/ouvrir-son-coeur.fr\/wp-content\/uploads\/2020\/07\/nature-4202703_1280.jpg 1280w, https:\/\/ouvrir-son-coeur.fr\/wp-content\/uploads\/2020\/07\/nature-4202703_1280-300x200.jpg 300w, https:\/\/ouvrir-son-coeur.fr\/wp-content\/uploads\/2020\/07\/nature-4202703_1280-1024x682.jpg 1024w, https:\/\/ouvrir-son-coeur.fr\/wp-content\/uploads\/2020\/07\/nature-4202703_1280-768x512.jpg 768w, https:\/\/ouvrir-son-coeur.fr\/wp-content\/uploads\/2020\/07\/nature-4202703_1280-1200x800.jpg 1200w\" sizes=\"auto, (max-width: 1280px) 100vw, 1280px\" \/><\/a>\n<h3 class=\"pt-cv-title\"><a href=\"https:\/\/ouvrir-son-coeur.fr\/index.php\/2020\/07\/04\/ramasser-les-dechets-en-balade\/\" class=\"_self\" target=\"_self\" >Ramasser les d\u00e9chets en balade<\/a><\/h3>\n<div class=\"pt-cv-content\">En balade, quel que soit le milieu (montagne, campagne, mer, plage, d\u00e9sert, rivi\u00e8re, etc.), quelles que soient la saison et ...<br \/><div class=\"pt-cv-rmwrap\"><a href=\"https:\/\/ouvrir-son-coeur.fr\/index.php\/2020\/07\/04\/ramasser-les-dechets-en-balade\/\" class=\"_self pt-cv-readmore btn btn-success\" target=\"_self\">O<\/a><\/div><\/div><\/div><\/div>\n<div class=\"col-md-6 col-sm-6 col-xs-12 pt-cv-content-item pt-cv-1-col\" ><div class='pt-cv-ifield'><a href=\"https:\/\/ouvrir-son-coeur.fr\/index.php\/2020\/06\/21\/utiliser-la-vieille-eau-pour-les-plantes\/\" class=\"_self pt-cv-href-thumbnail pt-cv-thumb-default\" target=\"_self\" ><img loading=\"lazy\" decoding=\"async\" width=\"1280\" height=\"853\" src=\"https:\/\/ouvrir-son-coeur.fr\/wp-content\/uploads\/2020\/06\/watering-can-5202988_1280.jpg\" class=\"pt-cv-thumbnail\" alt=\"\" srcset=\"https:\/\/ouvrir-son-coeur.fr\/wp-content\/uploads\/2020\/06\/watering-can-5202988_1280.jpg 1280w, https:\/\/ouvrir-son-coeur.fr\/wp-content\/uploads\/2020\/06\/watering-can-5202988_1280-300x200.jpg 300w, https:\/\/ouvrir-son-coeur.fr\/wp-content\/uploads\/2020\/06\/watering-can-5202988_1280-1024x682.jpg 1024w, https:\/\/ouvrir-son-coeur.fr\/wp-content\/uploads\/2020\/06\/watering-can-5202988_1280-768x512.jpg 768w, https:\/\/ouvrir-son-coeur.fr\/wp-content\/uploads\/2020\/06\/watering-can-5202988_1280-1200x800.jpg 1200w\" sizes=\"auto, (max-width: 1280px) 100vw, 1280px\" \/><\/a>\n<h3 class=\"pt-cv-title\"><a href=\"https:\/\/ouvrir-son-coeur.fr\/index.php\/2020\/06\/21\/utiliser-la-vieille-eau-pour-les-plantes\/\" class=\"_self\" target=\"_self\" >Utiliser la vieille eau pour les plantes<\/a><\/h3>\n<div class=\"pt-cv-content\">Eau de cafeti\u00e8re Eau de bouilloire Eau de casserole propre Eau en bouteille ou en gourde Qui a tourn\u00e9, qui ...<br \/><div class=\"pt-cv-rmwrap\"><a href=\"https:\/\/ouvrir-son-coeur.fr\/index.php\/2020\/06\/21\/utiliser-la-vieille-eau-pour-les-plantes\/\" class=\"_self pt-cv-readmore btn btn-success\" target=\"_self\">O<\/a><\/div><\/div><\/div><\/div><\/div><\/div><\/div>\n","protected":false},"excerpt":{"rendered":"<p>Sur cette page je pr\u00e9sente des astuces en faveur de l&rsquo;environnement, pour r\u00e9duire notre impact \u00e9cologique et notre consommation. Je propose des id\u00e9es que j&rsquo;ai test\u00e9 et que j&rsquo;applique moi-m\u00eame dans mon quotidien. Je cite \u00e9galement des actions propos\u00e9es, par divers groupes de personnes, pour que chacun se positionne dans ses choix, en prenant connaissance &hellip; <\/p>\n<p class=\"link-more\"><a href=\"https:\/\/ouvrir-son-coeur.fr\/index.php\/astuces-ecologiques\/\" class=\"more-link\">Continue reading<span class=\"screen-reader-text\"> \u00ab\u00a0Astuces \u00e9cologiques\u00a0\u00bb<\/span><\/a><\/p>\n","protected":false},"author":1,"featured_media":0,"parent":0,"menu_order":0,"comment_status":"closed","ping_status":"closed","template":"","meta":{"footnotes":""},"class_list":["post-960","page","type-page","status-publish","hentry"],"yoast_head":"<!-- This site is optimized with the Yoast SEO plugin v27.2 - https:\/\/yoast.com\/product\/yoast-seo-wordpress\/ -->\n<title>Astuces \u00e9cologiques - Delphine ORIEUX<\/title>\n<meta name=\"robots\" content=\"index, follow, max-snippet:-1, max-image-preview:large, max-video-preview:-1\" \/>\n<link rel=\"canonical\" href=\"https:\/\/ouvrir-son-coeur.fr\/index.php\/astuces-ecologiques\/\" \/>\n<meta property=\"og:locale\" content=\"fr_FR\" \/>\n<meta property=\"og:type\" content=\"article\" \/>\n<meta property=\"og:title\" content=\"Astuces \u00e9cologiques - Delphine ORIEUX\" \/>\n<meta property=\"og:description\" content=\"Sur cette page je pr\u00e9sente des astuces en faveur de l&rsquo;environnement, pour r\u00e9duire notre impact \u00e9cologique et notre consommation. Je propose des id\u00e9es que j&rsquo;ai test\u00e9 et que j&rsquo;applique moi-m\u00eame dans mon quotidien. Je cite \u00e9galement des actions propos\u00e9es, par divers groupes de personnes, pour que chacun se positionne dans ses choix, en prenant connaissance &hellip; Continue reading &quot;Astuces \u00e9cologiques&quot;\" \/>\n<meta property=\"og:url\" content=\"https:\/\/ouvrir-son-coeur.fr\/index.php\/astuces-ecologiques\/\" \/>\n<meta property=\"og:site_name\" content=\"Delphine ORIEUX\" \/>\n<meta property=\"article:modified_time\" content=\"2022-11-30T08:12:16+00:00\" \/>\n<meta name=\"twitter:card\" content=\"summary_large_image\" \/>\n<meta name=\"twitter:label1\" content=\"Dur\u00e9e de lecture estim\u00e9e\" \/>\n\t<meta name=\"twitter:data1\" content=\"1 minute\" \/>\n<script type=\"application\/ld+json\" class=\"yoast-schema-graph\">{\"@context\":\"https:\/\/schema.org\",\"@graph\":[{\"@type\":\"WebPage\",\"@id\":\"https:\/\/ouvrir-son-coeur.fr\/index.php\/astuces-ecologiques\/\",\"url\":\"https:\/\/ouvrir-son-coeur.fr\/index.php\/astuces-ecologiques\/\",\"name\":\"Astuces \u00e9cologiques - Delphine ORIEUX\",\"isPartOf\":{\"@id\":\"https:\/\/ouvrir-son-coeur.fr\/#website\"},\"datePublished\":\"2020-06-20T20:53:56+00:00\",\"dateModified\":\"2022-11-30T08:12:16+00:00\",\"breadcrumb\":{\"@id\":\"https:\/\/ouvrir-son-coeur.fr\/index.php\/astuces-ecologiques\/#breadcrumb\"},\"inLanguage\":\"fr-FR\",\"potentialAction\":[{\"@type\":\"ReadAction\",\"target\":[\"https:\/\/ouvrir-son-coeur.fr\/index.php\/astuces-ecologiques\/\"]}]},{\"@type\":\"BreadcrumbList\",\"@id\":\"https:\/\/ouvrir-son-coeur.fr\/index.php\/astuces-ecologiques\/#breadcrumb\",\"itemListElement\":[{\"@type\":\"ListItem\",\"position\":1,\"name\":\"Accueil\",\"item\":\"https:\/\/ouvrir-son-coeur.fr\/\"},{\"@type\":\"ListItem\",\"position\":2,\"name\":\"Astuces \u00e9cologiques\"}]},{\"@type\":\"WebSite\",\"@id\":\"https:\/\/ouvrir-son-coeur.fr\/#website\",\"url\":\"https:\/\/ouvrir-son-coeur.fr\/\",\"name\":\"Delphine ORIEUX\",\"description\":\"Ouvrir son coeur pour un retour \u00e0 soi\",\"publisher\":{\"@id\":\"https:\/\/ouvrir-son-coeur.fr\/#organization\"},\"potentialAction\":[{\"@type\":\"SearchAction\",\"target\":{\"@type\":\"EntryPoint\",\"urlTemplate\":\"https:\/\/ouvrir-son-coeur.fr\/?s={search_term_string}\"},\"query-input\":{\"@type\":\"PropertyValueSpecification\",\"valueRequired\":true,\"valueName\":\"search_term_string\"}}],\"inLanguage\":\"fr-FR\"},{\"@type\":\"Organization\",\"@id\":\"https:\/\/ouvrir-son-coeur.fr\/#organization\",\"name\":\"Delphine ORIEUX\",\"url\":\"https:\/\/ouvrir-son-coeur.fr\/\",\"logo\":{\"@type\":\"ImageObject\",\"inLanguage\":\"fr-FR\",\"@id\":\"https:\/\/ouvrir-son-coeur.fr\/#\/schema\/logo\/image\/\",\"url\":\"https:\/\/ouvrir-son-coeur.fr\/wp-content\/uploads\/2019\/10\/cropped-71673114_2509801119097527_6138808206555611136_o-15.jpg\",\"contentUrl\":\"https:\/\/ouvrir-son-coeur.fr\/wp-content\/uploads\/2019\/10\/cropped-71673114_2509801119097527_6138808206555611136_o-15.jpg\",\"width\":546,\"height\":505,\"caption\":\"Delphine ORIEUX\"},\"image\":{\"@id\":\"https:\/\/ouvrir-son-coeur.fr\/#\/schema\/logo\/image\/\"}}]}<\/script>\n<!-- \/ Yoast SEO plugin. -->","yoast_head_json":{"title":"Astuces \u00e9cologiques - Delphine ORIEUX","robots":{"index":"index","follow":"follow","max-snippet":"max-snippet:-1","max-image-preview":"max-image-preview:large","max-video-preview":"max-video-preview:-1"},"canonical":"https:\/\/ouvrir-son-coeur.fr\/index.php\/astuces-ecologiques\/","og_locale":"fr_FR","og_type":"article","og_title":"Astuces \u00e9cologiques - Delphine ORIEUX","og_description":"Sur cette page je pr\u00e9sente des astuces en faveur de l&rsquo;environnement, pour r\u00e9duire notre impact \u00e9cologique et notre consommation. Je propose des id\u00e9es que j&rsquo;ai test\u00e9 et que j&rsquo;applique moi-m\u00eame dans mon quotidien. Je cite \u00e9galement des actions propos\u00e9es, par divers groupes de personnes, pour que chacun se positionne dans ses choix, en prenant connaissance &hellip; Continue reading \"Astuces \u00e9cologiques\"","og_url":"https:\/\/ouvrir-son-coeur.fr\/index.php\/astuces-ecologiques\/","og_site_name":"Delphine ORIEUX","article_modified_time":"2022-11-30T08:12:16+00:00","twitter_card":"summary_large_image","twitter_misc":{"Dur\u00e9e de lecture estim\u00e9e":"1 minute"},"schema":{"@context":"https:\/\/schema.org","@graph":[{"@type":"WebPage","@id":"https:\/\/ouvrir-son-coeur.fr\/index.php\/astuces-ecologiques\/","url":"https:\/\/ouvrir-son-coeur.fr\/index.php\/astuces-ecologiques\/","name":"Astuces \u00e9cologiques - Delphine ORIEUX","isPartOf":{"@id":"https:\/\/ouvrir-son-coeur.fr\/#website"},"datePublished":"2020-06-20T20:53:56+00:00","dateModified":"2022-11-30T08:12:16+00:00","breadcrumb":{"@id":"https:\/\/ouvrir-son-coeur.fr\/index.php\/astuces-ecologiques\/#breadcrumb"},"inLanguage":"fr-FR","potentialAction":[{"@type":"ReadAction","target":["https:\/\/ouvrir-son-coeur.fr\/index.php\/astuces-ecologiques\/"]}]},{"@type":"BreadcrumbList","@id":"https:\/\/ouvrir-son-coeur.fr\/index.php\/astuces-ecologiques\/#breadcrumb","itemListElement":[{"@type":"ListItem","position":1,"name":"Accueil","item":"https:\/\/ouvrir-son-coeur.fr\/"},{"@type":"ListItem","position":2,"name":"Astuces \u00e9cologiques"}]},{"@type":"WebSite","@id":"https:\/\/ouvrir-son-coeur.fr\/#website","url":"https:\/\/ouvrir-son-coeur.fr\/","name":"Delphine ORIEUX","description":"Ouvrir son coeur pour un retour \u00e0 soi","publisher":{"@id":"https:\/\/ouvrir-son-coeur.fr\/#organization"},"potentialAction":[{"@type":"SearchAction","target":{"@type":"EntryPoint","urlTemplate":"https:\/\/ouvrir-son-coeur.fr\/?s={search_term_string}"},"query-input":{"@type":"PropertyValueSpecification","valueRequired":true,"valueName":"search_term_string"}}],"inLanguage":"fr-FR"},{"@type":"Organization","@id":"https:\/\/ouvrir-son-coeur.fr\/#organization","name":"Delphine ORIEUX","url":"https:\/\/ouvrir-son-coeur.fr\/","logo":{"@type":"ImageObject","inLanguage":"fr-FR","@id":"https:\/\/ouvrir-son-coeur.fr\/#\/schema\/logo\/image\/","url":"https:\/\/ouvrir-son-coeur.fr\/wp-content\/uploads\/2019\/10\/cropped-71673114_2509801119097527_6138808206555611136_o-15.jpg","contentUrl":"https:\/\/ouvrir-son-coeur.fr\/wp-content\/uploads\/2019\/10\/cropped-71673114_2509801119097527_6138808206555611136_o-15.jpg","width":546,"height":505,"caption":"Delphine ORIEUX"},"image":{"@id":"https:\/\/ouvrir-son-coeur.fr\/#\/schema\/logo\/image\/"}}]}},"_links":{"self":[{"href":"https:\/\/ouvrir-son-coeur.fr\/index.php\/wp-json\/wp\/v2\/pages\/960","targetHints":{"allow":["GET"]}}],"collection":[{"href":"https:\/\/ouvrir-son-coeur.fr\/index.php\/wp-json\/wp\/v2\/pages"}],"about":[{"href":"https:\/\/ouvrir-son-coeur.fr\/index.php\/wp-json\/wp\/v2\/types\/page"}],"author":[{"embeddable":true,"href":"https:\/\/ouvrir-son-coeur.fr\/index.php\/wp-json\/wp\/v2\/users\/1"}],"replies":[{"embeddable":true,"href":"https:\/\/ouvrir-son-coeur.fr\/index.php\/wp-json\/wp\/v2\/comments?post=960"}],"version-history":[{"count":11,"href":"https:\/\/ouvrir-son-coeur.fr\/index.php\/wp-json\/wp\/v2\/pages\/960\/revisions"}],"predecessor-version":[{"id":2269,"href":"https:\/\/ouvrir-son-coeur.fr\/index.php\/wp-json\/wp\/v2\/pages\/960\/revisions\/2269"}],"wp:attachment":[{"href":"https:\/\/ouvrir-son-coeur.fr\/index.php\/wp-json\/wp\/v2\/media?parent=960"}],"curies":[{"name":"wp","href":"https:\/\/api.w.org\/{rel}","templated":true}]}}