{"id":49,"date":"2019-09-22T01:38:51","date_gmt":"2019-09-21T23:38:51","guid":{"rendered":"http:\/\/ouvrir-son-coeur.fr\/?page_id=49"},"modified":"2022-11-30T09:47:15","modified_gmt":"2022-11-30T08:47:15","slug":"presentation-soin-energetique","status":"publish","type":"page","link":"https:\/\/ouvrir-son-coeur.fr\/index.php\/presentation-soin-energetique\/","title":{"rendered":"Pr\u00e9sentation"},"content":{"rendered":"\n<h2 class=\"wp-block-heading\">Qui suis-je?<\/h2>\n\n\n<p style=\"text-align: justify;\">Une passionn\u00e9e qui aime partager et \u00e9changer avec les gens, aller au contact des animaux, se connecter \u00e0 la nature et \u00e0 l&rsquo;univers.<\/p>\n<p style=\"text-align: justify;\">Hypersensible, m\u00e9dium et empathe depuis mon enfance, j&rsquo;ai toujours ressenti l&rsquo;\u00e9nergie de toute chose, des lieux, de tout \u00eatre visible et invisible, qui nous entourent.<\/p>\n<p style=\"text-align: justify;\">Aujourd&rsquo;hui je choisis de me mettre au service par l&rsquo;accompagnement des humains et des animaux, que je suis invit\u00e9e \u00e0 rencontrer, afin de les aider \u00e0 retrouver un chemin vers l&rsquo;int\u00e9riorit\u00e9 et le mieux-\u00eatre. Cela, gr\u00e2ce \u00e0 la reconnexion avec diff\u00e9rents outils ess\u00e9niens, \u00e9gyptiens et atlantes, ainsi qu&rsquo;avec l&rsquo;accompagnement de grands guides \u00e0 l&rsquo;origine de ces outils.<\/p>\n\n<div class=\"wp-block-image\">\n<figure class=\"aligncenter size-large\"><img loading=\"lazy\" decoding=\"async\" width=\"1024\" height=\"768\" src=\"https:\/\/ouvrir-son-coeur.fr\/wp-content\/uploads\/2022\/06\/P4110907-1024x768.jpg\" alt=\"\" class=\"wp-image-1965\" srcset=\"https:\/\/ouvrir-son-coeur.fr\/wp-content\/uploads\/2022\/06\/P4110907-1024x768.jpg 1024w, https:\/\/ouvrir-son-coeur.fr\/wp-content\/uploads\/2022\/06\/P4110907-300x225.jpg 300w, https:\/\/ouvrir-son-coeur.fr\/wp-content\/uploads\/2022\/06\/P4110907-768x576.jpg 768w, https:\/\/ouvrir-son-coeur.fr\/wp-content\/uploads\/2022\/06\/P4110907-1536x1152.jpg 1536w, https:\/\/ouvrir-son-coeur.fr\/wp-content\/uploads\/2022\/06\/P4110907-2048x1536.jpg 2048w, https:\/\/ouvrir-son-coeur.fr\/wp-content\/uploads\/2022\/06\/P4110907-1200x900.jpg 1200w\" sizes=\"auto, (max-width: 1024px) 100vw, 1024px\" \/><\/figure>\n<\/div>\n\n\n<h2 class=\"wp-block-heading\">Quels ont \u00e9t\u00e9 les signes de l&rsquo;hypersensibilit\u00e9?<\/h2>\n\n\n<p style=\"text-align: justify;\">Depuis ma jeune enfance, voici tous les indices qui m&rsquo;ont guid\u00e9 vers ce choix:<\/p>\n<ul>\n<li style=\"text-align: justify;\">Toujours \u00e0 l&rsquo;\u00e9coute des autres (proches ou inconnus).<\/li>\n<li style=\"text-align: justify;\">Spontan\u00e9ment les mots justes me viennent pour aider des personnes en d\u00e9tresse \u00e9motionnelle.<\/li>\n<li style=\"text-align: justify;\">Empathie tr\u00e8s forte (plusieurs ann\u00e9es ont \u00e9t\u00e9 n\u00e9cessaires pour ma\u00eetriser cet aspect et le rendre utile pour aider les autres).<\/li>\n<li style=\"text-align: justify;\">Intuitions, flashs, voix dans ma t\u00eate, r\u00eaves pr\u00e9monitoires, impressions de d\u00e9j\u00e0-vu.<\/li>\n<li style=\"text-align: justify;\">Visualisation des auras.<\/li>\n<li style=\"text-align: justify;\">Sensations de pr\u00e9sences (parfois visibles).<\/li>\n<li style=\"text-align: justify;\">Lien tr\u00e8s fort avec les animaux.<\/li>\n<li style=\"text-align: justify;\">Connaissance inn\u00e9e sur des sujets de m\u00e9taphysique.<\/li>\n<li style=\"text-align: justify;\">Souvenirs conscients des voyages astraux, des r\u00eaves et de la revisite des vies ant\u00e9rieures.<\/li>\n<li style=\"text-align: justify;\">Hypersensibilit\u00e9 \u00e0 toute forme d&rsquo;\u00e9nergie: intol\u00e9rance aux \u00e9nergies n\u00e9gatives fortes (violence ou haine \u00e0 travers le son, les images, les actes, les paroles ou les pens\u00e9es), sentiment de joie et d&rsquo;amour profond face aux \u00e9nergies positives (nature, animaux, v\u00e9g\u00e9taux, min\u00e9raux, beaux paysages, musique douce, moments de partage authentique entre humains).<\/li>\n<li style=\"text-align: justify;\">Connexion avec mes guides: \u00e0 travers les r\u00eaves, les symboles (suite de chiffres r\u00e9currentes, pi\u00e8ces de monnaies, plumes, animaux, images, etc.), les objets qui tombent tout seuls, les paroles de musique ou images inopin\u00e9es, les intuitions soudaines, des sensations d&rsquo;\u00eatre envelopp\u00e9e d&rsquo;amour et de douceur.<\/li>\n<\/ul>\n\n\n<h2 class=\"wp-block-heading\">Qu&rsquo;est-ce qu&rsquo;un soin \u00e9nerg\u00e9tique?<\/h2>\n\n\n<p style=\"text-align: justify;\">C&rsquo;est un soin qui se fait par le toucher de nos diff\u00e9rents corps:<\/p>\n\n<div class=\"wp-block-image\">\n<figure class=\"aligncenter\"><img loading=\"lazy\" decoding=\"async\" width=\"984\" height=\"1024\" src=\"http:\/\/ouvrir-son-coeur.fr\/wp-content\/uploads\/2019\/09\/aura-1079746_1280-984x1024.jpg\" alt=\"\" class=\"wp-image-146\" srcset=\"https:\/\/ouvrir-son-coeur.fr\/wp-content\/uploads\/2019\/09\/aura-1079746_1280-984x1024.jpg 984w, https:\/\/ouvrir-son-coeur.fr\/wp-content\/uploads\/2019\/09\/aura-1079746_1280-288x300.jpg 288w, https:\/\/ouvrir-son-coeur.fr\/wp-content\/uploads\/2019\/09\/aura-1079746_1280-768x799.jpg 768w, https:\/\/ouvrir-son-coeur.fr\/wp-content\/uploads\/2019\/09\/aura-1079746_1280-1153x1200.jpg 1153w, https:\/\/ouvrir-son-coeur.fr\/wp-content\/uploads\/2019\/09\/aura-1079746_1280.jpg 1230w\" sizes=\"auto, (max-width: 984px) 100vw, 984px\" \/><\/figure>\n<\/div>\n\n<p style=\"text-align: justify;\">Les diff\u00e9rents corps partent d&rsquo;un point central, au niveau du thymus et rayonnent tout autour de notre corps physique, comme des poup\u00e9es russes qui s&#8217;emboitent les unes dans les autres. Le corps le plus rayonnant englobe un plus petit, qui lui-m\u00eame englobe un plus petit, jusqu&rsquo;au corps le plus inf\u00e9rieur, notre corps visible.<\/p>\n<p style=\"text-align: justify;\">Le plus dense est le <strong>corps physique<\/strong>, que nous voyons car il vibre lentement. Les autres deviennent de moins en moins visibles ou palpables, en raison de la vitesse de vibration, de plus en plus \u00e9lev\u00e9e, dans les corps sup\u00e9rieurs.<\/p>\n<p style=\"text-align: justify;\">Le <strong>corps \u00e9th\u00e9rique<\/strong> est aliment\u00e9 par l&rsquo;\u00e9nergie universelle qui est distribu\u00e9e, \u00e0 travers des circuits, dans le syst\u00e8me nerveux du corps physique et les <strong>chakras<\/strong> (vortex d&rsquo;\u00e9nergie). Il prot\u00e8ge notre corps physique des \u00e9nergies n\u00e9gatives provenant des corps sup\u00e9rieurs.<\/p>\n<p style=\"text-align: justify;\">L&rsquo;\u00e9nergie est capt\u00e9e par le chakra au sommet de la t\u00eate puis est distribu\u00e9e \u00e0 tous les chakras inf\u00e9rieurs, plac\u00e9s le long de l&rsquo;axe central du corps. Les autres principaux chakras font circuler l&rsquo;\u00e9nergie dans les organes internes auxquels ils sont associ\u00e9s (situ\u00e9s au niveau du: front, gorge, c\u0153ur, plexus, nombril, bas ventre). Tous traversent (en terme d&rsquo;\u00e9paisseur) au moins les 4 premiers corps, pour y faire circuler l&rsquo;\u00e9nergie.<\/p>\n<p style=\"text-align: justify;\">Le <strong>corps \u00e9motionnel <\/strong>contient et emmagasine toutes nos \u00e9motions, toutes les \u00e9nergies li\u00e9es aux sensations (souffrances, joies, peurs, angoisses, d\u00e9sirs, espoirs, passions, sentiments, etc.), depuis notre naissance et m\u00eame celles non r\u00e9solues de nos vies ant\u00e9rieures. L&rsquo;aura est le champs magn\u00e9tique per\u00e7u, visible gr\u00e2ce aux diff\u00e9rentes couleurs d\u00e9gag\u00e9es par ces \u00e9motions.<\/p>\n<p style=\"text-align: justify;\">Le <strong>corps mental<\/strong> poss\u00e8de tous les syst\u00e8mes de croyances ancr\u00e9es, les sch\u00e9mas de pens\u00e9e, les conditionnements familiaux et sociaux, les formes pens\u00e9es, accumul\u00e9es depuis notre naissance et peuvent \u00eatre influenc\u00e9es par les croyances non r\u00e9solues de nos vies ant\u00e9rieures. C&rsquo;est notre ego, notre intellect, le si\u00e8ge de la volont\u00e9.<\/p>\n<p style=\"text-align: justify;\">Quand les pens\u00e9es n\u00e9gatives sont r\u00e9currentes et les \u00e9motions n\u00e9gatives fortes, cela cr\u00e9e des cristallisations (comme du calcaire dans un tuyau). La circulation de l&rsquo;\u00e9nergie dans le syst\u00e8me global est alors perturb\u00e9e et ralentie, le ralentissement se propageant des corps sup\u00e9rieurs aux corps inf\u00e9rieurs. Si les blocages ne sont pas dissous, le syst\u00e8me est endommag\u00e9 jusqu\u2019\u00e0 atteindre le corps physique et cr\u00e9ant ainsi des mal-\u00eatres et des pathologies en fonction des organes ou syst\u00e8mes du corps touch\u00e9.<\/p>\n<p style=\"text-align: justify;\">L<em>e soin \u00e9nerg\u00e9tique permet de dissoudre les cristallisations et de fluidifier la circulation des \u00e9nergies, sur l&rsquo;ensemble de ces 4 corps et des chakras, pour harmoniser le circuit \u00e9nerg\u00e9tique du corps dans sa globalit\u00e9. Cela permet un mieux-\u00eatre, la gu\u00e9rison du corps physique, la lib\u00e9ration de sch\u00e9mas r\u00e9p\u00e9titifs, le d\u00e9gagement d&rsquo;\u00e9motions n\u00e9gatives (peurs, col\u00e8res, angoisses) et l&rsquo;\u00e9vacuation des croyances limitantes.<\/em><\/p>\n<p style=\"text-align: justify;\">Le <strong>corps astral<\/strong> se situe sur un plan non terrestre, dans le sens o\u00f9 il n&rsquo;est plus soumis aux notions d&rsquo;espace-temps. Il contient toutes nos m\u00e9moires karmiques et impressions de vies pass\u00e9es. Les conflits dominants non r\u00e9solus des vies simultan\u00e9es (dites ant\u00e9rieures), laissent des m\u00e9moires qui peuvent p\u00e9n\u00e9trer les corps inf\u00e9rieurs et influencer nos pens\u00e9es, \u00e9motions et relations avec certaines personnes.<\/p>\n<p style=\"text-align: justify;\"><em data-rich-text-format-boundary=\"true\">Le soin \u00e9nerg\u00e9tique permet de lib\u00e9rer des m\u00e9moires karmiques et d&rsquo;aider le sujet \u00e0 prendre conscience de celles-ci.<\/em> <em>Cela permet la lib\u00e9ration de ces influences n\u00e9gatives, une reconnexion \u00e0 ses potentiels (ou capacit\u00e9s acquises dans d&rsquo;autres vies, non encore exploit\u00e9es), de prendre conscience de sa mission sur Terre pour se sentir en accord avec soi et \u00e0 sa juste place.<\/em><\/p>\n<p style=\"text-align: justify;\">Le <strong>corps supra-astral<\/strong> prot\u00e8ge les corps sup\u00e9rieurs de toute influence n\u00e9gative de l&rsquo;astral. C&rsquo;est l&rsquo;espace des hautes qualit\u00e9s de l&rsquo;\u00e2me, de l&rsquo;amour inconditionnel, du sentiment d&rsquo;\u00eatre connect\u00e9 au tout, de la compassion et du d\u00e9sir de servir l&rsquo;humanit\u00e9. Lors d&rsquo;un cheminement spirituel, ce corps s&rsquo;active et permet de ressentir en conscience cet \u00e9tat d&rsquo;amour inconditionnel envers soi et l&rsquo;univers.<\/p>\n<p style=\"text-align: justify;\">Le <strong>corps c\u00e9leste<\/strong> est l&rsquo;endroit o\u00f9 se situent nos guides (anges, archanges, ma\u00eetres spirituels et source). Lors d&rsquo;une \u00e9volution spirituelle, on peut acc\u00e9der \u00e0 cet espace en conscience pour communiquer avec nos guides, recevoir des inspirations et des r\u00e9v\u00e9lations divines.<\/p>\n<p style=\"text-align: justify;\"><em data-rich-text-format-boundary=\"true\">Durant les soins \u00e9nerg\u00e9tiques, l&rsquo;\u00e9nerg\u00e9ticien peut en touchant ce corps, recevoir et transmettre des messages des \u00eatres de lumi\u00e8re qui guident et assistent le sujet.<\/em><\/p>\n<p style=\"text-align: justify;\">Le <strong>corps de lumi\u00e8re<\/strong> est celui qui nourrit de lumi\u00e8re l&rsquo;ensemble de nos corps. C&rsquo;est un endroit o\u00f9 l&rsquo;\u00e2me individuelle se fond dans la conscience universelle, dans un \u00e9tat de pl\u00e9nitude, ayant comme d\u00e9sir de servir la source. Ce corps nous sert de v\u00e9hicule pour voyager \u00e0 travers diff\u00e9rents plans de conscience et pour quitter le plan terrestre lors de notre d\u00e9sincarnation.<\/p>\n<pre class=\"rich-text editor-rich-text__editable block-editor-rich-text__editable is-selected\" role=\"textbox\" aria-multiline=\"true\" aria-label=\"R\u00e9digez du texte pr\u00e9format\u00e9\u2026\" contenteditable=\"true\">Source: Livre de Marie Lise Labont\u00e9 et Ninon Pr\u00e9vost - \"Les corps de lumi\u00e8re\" <\/pre>","protected":false},"excerpt":{"rendered":"<p>Qui suis-je? Une passionn\u00e9e qui aime partager et \u00e9changer avec les gens, aller au contact des animaux, se connecter \u00e0 la nature et \u00e0 l&rsquo;univers. Hypersensible, m\u00e9dium et empathe depuis mon enfance, j&rsquo;ai toujours ressenti l&rsquo;\u00e9nergie de toute chose, des lieux, de tout \u00eatre visible et invisible, qui nous entourent. Aujourd&rsquo;hui je choisis de me &hellip; <\/p>\n<p class=\"link-more\"><a href=\"https:\/\/ouvrir-son-coeur.fr\/index.php\/presentation-soin-energetique\/\" class=\"more-link\">Continue reading<span class=\"screen-reader-text\"> \u00ab\u00a0Pr\u00e9sentation\u00a0\u00bb<\/span><\/a><\/p>\n","protected":false},"author":1,"featured_media":2278,"parent":0,"menu_order":0,"comment_status":"closed","ping_status":"closed","template":"","meta":{"footnotes":""},"class_list":["post-49","page","type-page","status-publish","has-post-thumbnail","hentry"],"yoast_head":"<!-- This site is optimized with the Yoast SEO plugin v27.2 - https:\/\/yoast.com\/product\/yoast-seo-wordpress\/ -->\n<title>Qu&#039;est-ce qu&#039;un soin \u00e9nerg\u00e9tique - Delphine Orieux<\/title>\n<meta name=\"description\" content=\"Un soin \u00e9nerg\u00e9tique permet de se nettoyer et de se lib\u00e9rer de parasitages, de sch\u00e9mas r\u00e9currents, d&#039;\u00e9motions lourdes et aide \u00e0 la gu\u00e9rison du corps physique.\" \/>\n<meta name=\"robots\" content=\"index, follow, max-snippet:-1, max-image-preview:large, max-video-preview:-1\" \/>\n<link rel=\"canonical\" href=\"https:\/\/ouvrir-son-coeur.fr\/index.php\/presentation-soin-energetique\/\" \/>\n<meta property=\"og:locale\" content=\"fr_FR\" \/>\n<meta property=\"og:type\" content=\"article\" \/>\n<meta property=\"og:title\" content=\"Qu&#039;est-ce qu&#039;un soin \u00e9nerg\u00e9tique - Delphine Orieux\" \/>\n<meta property=\"og:description\" content=\"Un soin \u00e9nerg\u00e9tique permet de se nettoyer et de se lib\u00e9rer de parasitages, de sch\u00e9mas r\u00e9currents, d&#039;\u00e9motions lourdes et aide \u00e0 la gu\u00e9rison du corps physique.\" \/>\n<meta property=\"og:url\" content=\"https:\/\/ouvrir-son-coeur.fr\/index.php\/presentation-soin-energetique\/\" \/>\n<meta property=\"og:site_name\" content=\"Delphine ORIEUX\" \/>\n<meta property=\"article:modified_time\" content=\"2022-11-30T08:47:15+00:00\" \/>\n<meta property=\"og:image\" content=\"https:\/\/ouvrir-son-coeur.fr\/wp-content\/uploads\/2022\/11\/71673114_2509801119097527_6138808206555611136_o.jpg\" \/>\n\t<meta property=\"og:image:width\" content=\"1782\" \/>\n\t<meta property=\"og:image:height\" content=\"1188\" \/>\n\t<meta property=\"og:image:type\" content=\"image\/jpeg\" \/>\n<meta name=\"twitter:card\" content=\"summary_large_image\" \/>\n<meta name=\"twitter:label1\" content=\"Dur\u00e9e de lecture estim\u00e9e\" \/>\n\t<meta name=\"twitter:data1\" content=\"6 minutes\" \/>\n<script type=\"application\/ld+json\" class=\"yoast-schema-graph\">{\"@context\":\"https:\/\/schema.org\",\"@graph\":[{\"@type\":\"WebPage\",\"@id\":\"https:\/\/ouvrir-son-coeur.fr\/index.php\/presentation-soin-energetique\/\",\"url\":\"https:\/\/ouvrir-son-coeur.fr\/index.php\/presentation-soin-energetique\/\",\"name\":\"Qu'est-ce qu'un soin \u00e9nerg\u00e9tique - Delphine Orieux\",\"isPartOf\":{\"@id\":\"https:\/\/ouvrir-son-coeur.fr\/#website\"},\"primaryImageOfPage\":{\"@id\":\"https:\/\/ouvrir-son-coeur.fr\/index.php\/presentation-soin-energetique\/#primaryimage\"},\"image\":{\"@id\":\"https:\/\/ouvrir-son-coeur.fr\/index.php\/presentation-soin-energetique\/#primaryimage\"},\"thumbnailUrl\":\"https:\/\/ouvrir-son-coeur.fr\/wp-content\/uploads\/2022\/11\/71673114_2509801119097527_6138808206555611136_o.jpg\",\"datePublished\":\"2019-09-21T23:38:51+00:00\",\"dateModified\":\"2022-11-30T08:47:15+00:00\",\"description\":\"Un soin \u00e9nerg\u00e9tique permet de se nettoyer et de se lib\u00e9rer de parasitages, de sch\u00e9mas r\u00e9currents, d'\u00e9motions lourdes et aide \u00e0 la gu\u00e9rison du corps physique.\",\"breadcrumb\":{\"@id\":\"https:\/\/ouvrir-son-coeur.fr\/index.php\/presentation-soin-energetique\/#breadcrumb\"},\"inLanguage\":\"fr-FR\",\"potentialAction\":[{\"@type\":\"ReadAction\",\"target\":[\"https:\/\/ouvrir-son-coeur.fr\/index.php\/presentation-soin-energetique\/\"]}]},{\"@type\":\"ImageObject\",\"inLanguage\":\"fr-FR\",\"@id\":\"https:\/\/ouvrir-son-coeur.fr\/index.php\/presentation-soin-energetique\/#primaryimage\",\"url\":\"https:\/\/ouvrir-son-coeur.fr\/wp-content\/uploads\/2022\/11\/71673114_2509801119097527_6138808206555611136_o.jpg\",\"contentUrl\":\"https:\/\/ouvrir-son-coeur.fr\/wp-content\/uploads\/2022\/11\/71673114_2509801119097527_6138808206555611136_o.jpg\",\"width\":1782,\"height\":1188},{\"@type\":\"BreadcrumbList\",\"@id\":\"https:\/\/ouvrir-son-coeur.fr\/index.php\/presentation-soin-energetique\/#breadcrumb\",\"itemListElement\":[{\"@type\":\"ListItem\",\"position\":1,\"name\":\"Accueil\",\"item\":\"https:\/\/ouvrir-son-coeur.fr\/\"},{\"@type\":\"ListItem\",\"position\":2,\"name\":\"Pr\u00e9sentation\"}]},{\"@type\":\"WebSite\",\"@id\":\"https:\/\/ouvrir-son-coeur.fr\/#website\",\"url\":\"https:\/\/ouvrir-son-coeur.fr\/\",\"name\":\"Delphine ORIEUX\",\"description\":\"Ouvrir son coeur pour un retour \u00e0 soi\",\"publisher\":{\"@id\":\"https:\/\/ouvrir-son-coeur.fr\/#organization\"},\"potentialAction\":[{\"@type\":\"SearchAction\",\"target\":{\"@type\":\"EntryPoint\",\"urlTemplate\":\"https:\/\/ouvrir-son-coeur.fr\/?s={search_term_string}\"},\"query-input\":{\"@type\":\"PropertyValueSpecification\",\"valueRequired\":true,\"valueName\":\"search_term_string\"}}],\"inLanguage\":\"fr-FR\"},{\"@type\":\"Organization\",\"@id\":\"https:\/\/ouvrir-son-coeur.fr\/#organization\",\"name\":\"Delphine ORIEUX\",\"url\":\"https:\/\/ouvrir-son-coeur.fr\/\",\"logo\":{\"@type\":\"ImageObject\",\"inLanguage\":\"fr-FR\",\"@id\":\"https:\/\/ouvrir-son-coeur.fr\/#\/schema\/logo\/image\/\",\"url\":\"https:\/\/ouvrir-son-coeur.fr\/wp-content\/uploads\/2019\/10\/cropped-71673114_2509801119097527_6138808206555611136_o-15.jpg\",\"contentUrl\":\"https:\/\/ouvrir-son-coeur.fr\/wp-content\/uploads\/2019\/10\/cropped-71673114_2509801119097527_6138808206555611136_o-15.jpg\",\"width\":546,\"height\":505,\"caption\":\"Delphine ORIEUX\"},\"image\":{\"@id\":\"https:\/\/ouvrir-son-coeur.fr\/#\/schema\/logo\/image\/\"}}]}<\/script>\n<!-- \/ Yoast SEO plugin. -->","yoast_head_json":{"title":"Qu'est-ce qu'un soin \u00e9nerg\u00e9tique - Delphine Orieux","description":"Un soin \u00e9nerg\u00e9tique permet de se nettoyer et de se lib\u00e9rer de parasitages, de sch\u00e9mas r\u00e9currents, d'\u00e9motions lourdes et aide \u00e0 la gu\u00e9rison du corps physique.","robots":{"index":"index","follow":"follow","max-snippet":"max-snippet:-1","max-image-preview":"max-image-preview:large","max-video-preview":"max-video-preview:-1"},"canonical":"https:\/\/ouvrir-son-coeur.fr\/index.php\/presentation-soin-energetique\/","og_locale":"fr_FR","og_type":"article","og_title":"Qu'est-ce qu'un soin \u00e9nerg\u00e9tique - Delphine Orieux","og_description":"Un soin \u00e9nerg\u00e9tique permet de se nettoyer et de se lib\u00e9rer de parasitages, de sch\u00e9mas r\u00e9currents, d'\u00e9motions lourdes et aide \u00e0 la gu\u00e9rison du corps physique.","og_url":"https:\/\/ouvrir-son-coeur.fr\/index.php\/presentation-soin-energetique\/","og_site_name":"Delphine ORIEUX","article_modified_time":"2022-11-30T08:47:15+00:00","og_image":[{"width":1782,"height":1188,"url":"https:\/\/ouvrir-son-coeur.fr\/wp-content\/uploads\/2022\/11\/71673114_2509801119097527_6138808206555611136_o.jpg","type":"image\/jpeg"}],"twitter_card":"summary_large_image","twitter_misc":{"Dur\u00e9e de lecture estim\u00e9e":"6 minutes"},"schema":{"@context":"https:\/\/schema.org","@graph":[{"@type":"WebPage","@id":"https:\/\/ouvrir-son-coeur.fr\/index.php\/presentation-soin-energetique\/","url":"https:\/\/ouvrir-son-coeur.fr\/index.php\/presentation-soin-energetique\/","name":"Qu'est-ce qu'un soin \u00e9nerg\u00e9tique - Delphine Orieux","isPartOf":{"@id":"https:\/\/ouvrir-son-coeur.fr\/#website"},"primaryImageOfPage":{"@id":"https:\/\/ouvrir-son-coeur.fr\/index.php\/presentation-soin-energetique\/#primaryimage"},"image":{"@id":"https:\/\/ouvrir-son-coeur.fr\/index.php\/presentation-soin-energetique\/#primaryimage"},"thumbnailUrl":"https:\/\/ouvrir-son-coeur.fr\/wp-content\/uploads\/2022\/11\/71673114_2509801119097527_6138808206555611136_o.jpg","datePublished":"2019-09-21T23:38:51+00:00","dateModified":"2022-11-30T08:47:15+00:00","description":"Un soin \u00e9nerg\u00e9tique permet de se nettoyer et de se lib\u00e9rer de parasitages, de sch\u00e9mas r\u00e9currents, d'\u00e9motions lourdes et aide \u00e0 la gu\u00e9rison du corps physique.","breadcrumb":{"@id":"https:\/\/ouvrir-son-coeur.fr\/index.php\/presentation-soin-energetique\/#breadcrumb"},"inLanguage":"fr-FR","potentialAction":[{"@type":"ReadAction","target":["https:\/\/ouvrir-son-coeur.fr\/index.php\/presentation-soin-energetique\/"]}]},{"@type":"ImageObject","inLanguage":"fr-FR","@id":"https:\/\/ouvrir-son-coeur.fr\/index.php\/presentation-soin-energetique\/#primaryimage","url":"https:\/\/ouvrir-son-coeur.fr\/wp-content\/uploads\/2022\/11\/71673114_2509801119097527_6138808206555611136_o.jpg","contentUrl":"https:\/\/ouvrir-son-coeur.fr\/wp-content\/uploads\/2022\/11\/71673114_2509801119097527_6138808206555611136_o.jpg","width":1782,"height":1188},{"@type":"BreadcrumbList","@id":"https:\/\/ouvrir-son-coeur.fr\/index.php\/presentation-soin-energetique\/#breadcrumb","itemListElement":[{"@type":"ListItem","position":1,"name":"Accueil","item":"https:\/\/ouvrir-son-coeur.fr\/"},{"@type":"ListItem","position":2,"name":"Pr\u00e9sentation"}]},{"@type":"WebSite","@id":"https:\/\/ouvrir-son-coeur.fr\/#website","url":"https:\/\/ouvrir-son-coeur.fr\/","name":"Delphine ORIEUX","description":"Ouvrir son coeur pour un retour \u00e0 soi","publisher":{"@id":"https:\/\/ouvrir-son-coeur.fr\/#organization"},"potentialAction":[{"@type":"SearchAction","target":{"@type":"EntryPoint","urlTemplate":"https:\/\/ouvrir-son-coeur.fr\/?s={search_term_string}"},"query-input":{"@type":"PropertyValueSpecification","valueRequired":true,"valueName":"search_term_string"}}],"inLanguage":"fr-FR"},{"@type":"Organization","@id":"https:\/\/ouvrir-son-coeur.fr\/#organization","name":"Delphine ORIEUX","url":"https:\/\/ouvrir-son-coeur.fr\/","logo":{"@type":"ImageObject","inLanguage":"fr-FR","@id":"https:\/\/ouvrir-son-coeur.fr\/#\/schema\/logo\/image\/","url":"https:\/\/ouvrir-son-coeur.fr\/wp-content\/uploads\/2019\/10\/cropped-71673114_2509801119097527_6138808206555611136_o-15.jpg","contentUrl":"https:\/\/ouvrir-son-coeur.fr\/wp-content\/uploads\/2019\/10\/cropped-71673114_2509801119097527_6138808206555611136_o-15.jpg","width":546,"height":505,"caption":"Delphine ORIEUX"},"image":{"@id":"https:\/\/ouvrir-son-coeur.fr\/#\/schema\/logo\/image\/"}}]}},"_links":{"self":[{"href":"https:\/\/ouvrir-son-coeur.fr\/index.php\/wp-json\/wp\/v2\/pages\/49","targetHints":{"allow":["GET"]}}],"collection":[{"href":"https:\/\/ouvrir-son-coeur.fr\/index.php\/wp-json\/wp\/v2\/pages"}],"about":[{"href":"https:\/\/ouvrir-son-coeur.fr\/index.php\/wp-json\/wp\/v2\/types\/page"}],"author":[{"embeddable":true,"href":"https:\/\/ouvrir-son-coeur.fr\/index.php\/wp-json\/wp\/v2\/users\/1"}],"replies":[{"embeddable":true,"href":"https:\/\/ouvrir-son-coeur.fr\/index.php\/wp-json\/wp\/v2\/comments?post=49"}],"version-history":[{"count":98,"href":"https:\/\/ouvrir-son-coeur.fr\/index.php\/wp-json\/wp\/v2\/pages\/49\/revisions"}],"predecessor-version":[{"id":1966,"href":"https:\/\/ouvrir-son-coeur.fr\/index.php\/wp-json\/wp\/v2\/pages\/49\/revisions\/1966"}],"wp:featuredmedia":[{"embeddable":true,"href":"https:\/\/ouvrir-son-coeur.fr\/index.php\/wp-json\/wp\/v2\/media\/2278"}],"wp:attachment":[{"href":"https:\/\/ouvrir-son-coeur.fr\/index.php\/wp-json\/wp\/v2\/media?parent=49"}],"curies":[{"name":"wp","href":"https:\/\/api.w.org\/{rel}","templated":true}]}}