{"id":315,"date":"2019-10-07T15:47:00","date_gmt":"2019-10-07T13:47:00","guid":{"rendered":"http:\/\/ouvrir-son-coeur.fr\/?page_id=315"},"modified":"2024-05-15T21:08:04","modified_gmt":"2024-05-15T19:08:04","slug":"communication-animale-et-soins-pour-animaux","status":"publish","type":"page","link":"https:\/\/ouvrir-son-coeur.fr\/","title":{"rendered":"Soins"},"content":{"rendered":"\n<h1 class=\"wp-block-heading\">Au service du vivant<\/h1>\n\n\n\n<div class=\"wp-block-cover\" style=\"min-height:81px;aspect-ratio:unset;\"><span aria-hidden=\"true\" class=\"wp-block-cover__background has-background-dim\"><\/span><img loading=\"lazy\" decoding=\"async\" width=\"2303\" height=\"1440\" class=\"wp-block-cover__image-background wp-image-838\" alt=\"\" src=\"https:\/\/ouvrir-son-coeur.fr\/wp-content\/uploads\/2020\/03\/Capture-d\u2019\u00e9cran-2017-09-14-\u00e0-18.21.38.png-1.jpg\" style=\"object-position:0% 0%\" data-object-fit=\"cover\" data-object-position=\"0% 0%\" srcset=\"https:\/\/ouvrir-son-coeur.fr\/wp-content\/uploads\/2020\/03\/Capture-d\u2019\u00e9cran-2017-09-14-\u00e0-18.21.38.png-1.jpg 2303w, https:\/\/ouvrir-son-coeur.fr\/wp-content\/uploads\/2020\/03\/Capture-d\u2019\u00e9cran-2017-09-14-\u00e0-18.21.38.png-1-300x188.jpg 300w, https:\/\/ouvrir-son-coeur.fr\/wp-content\/uploads\/2020\/03\/Capture-d\u2019\u00e9cran-2017-09-14-\u00e0-18.21.38.png-1-1024x640.jpg 1024w, https:\/\/ouvrir-son-coeur.fr\/wp-content\/uploads\/2020\/03\/Capture-d\u2019\u00e9cran-2017-09-14-\u00e0-18.21.38.png-1-768x480.jpg 768w, https:\/\/ouvrir-son-coeur.fr\/wp-content\/uploads\/2020\/03\/Capture-d\u2019\u00e9cran-2017-09-14-\u00e0-18.21.38.png-1-1536x960.jpg 1536w, https:\/\/ouvrir-son-coeur.fr\/wp-content\/uploads\/2020\/03\/Capture-d\u2019\u00e9cran-2017-09-14-\u00e0-18.21.38.png-1-2048x1281.jpg 2048w, https:\/\/ouvrir-son-coeur.fr\/wp-content\/uploads\/2020\/03\/Capture-d\u2019\u00e9cran-2017-09-14-\u00e0-18.21.38.png-1-1200x750.jpg 1200w\" sizes=\"auto, (max-width: 2303px) 100vw, 2303px\" \/><div class=\"wp-block-cover__inner-container is-layout-flow wp-block-cover-is-layout-flow\">\n<ul class=\"wp-block-list\">\n<li>Accompagnement de l&rsquo;<strong>Animal<\/strong> &#8211; Soins pour animaux <\/li>\n\n\n\n<li>Communication animale<\/li>\n\n\n\n<li>Conseil pour pr\u00e9paration d&rsquo;\u00e9lixirs de Fleurs de Bach pour animaux et personnes<\/li>\n<\/ul>\n<\/div><\/div>\n\n\n\n<h2 class=\"wp-block-heading\">Soin pour les animaux<\/h2>\n\n\n<p style=\"text-align: justify;\">Ce soin s&rsquo;adresse \u00e0 nos compagnons animaux, quelle que soit l&rsquo;esp\u00e8ce. Les animaux, en particulier ceux qui vivent pr\u00e8s des humains, sont soumis \u00e0 des perturbations physiques et \u00e9motionnelles, souvent par effet miroir, pour aider leurs compagnons humains. Cela s&rsquo;exprime par un \u00e9tat de sant\u00e9 d\u00e9ficient, des troubles du comportement ou un mal-\u00eatre g\u00e9n\u00e9ral.<\/p>\n\n<div class=\"wp-block-image\">\n<figure class=\"aligncenter size-large\"><img loading=\"lazy\" decoding=\"async\" width=\"1024\" height=\"683\" src=\"https:\/\/ouvrir-son-coeur.fr\/wp-content\/uploads\/2021\/07\/adorable-1850276_1920-1024x683.jpg\" alt=\"\" class=\"wp-image-1570\" srcset=\"https:\/\/ouvrir-son-coeur.fr\/wp-content\/uploads\/2021\/07\/adorable-1850276_1920-1024x683.jpg 1024w, https:\/\/ouvrir-son-coeur.fr\/wp-content\/uploads\/2021\/07\/adorable-1850276_1920-300x200.jpg 300w, https:\/\/ouvrir-son-coeur.fr\/wp-content\/uploads\/2021\/07\/adorable-1850276_1920-768x512.jpg 768w, https:\/\/ouvrir-son-coeur.fr\/wp-content\/uploads\/2021\/07\/adorable-1850276_1920-1536x1024.jpg 1536w, https:\/\/ouvrir-son-coeur.fr\/wp-content\/uploads\/2021\/07\/adorable-1850276_1920-1200x800.jpg 1200w, https:\/\/ouvrir-son-coeur.fr\/wp-content\/uploads\/2021\/07\/adorable-1850276_1920.jpg 1920w\" sizes=\"auto, (max-width: 1024px) 100vw, 1024px\" \/><\/figure>\n<\/div>\n\n<p style=\"text-align: justify;\">Le soin \u00e9nerg\u00e9tique accompagne l&rsquo;animal dans sa gu\u00e9rison, suite \u00e0 des traumatismes physiques et\/ou \u00e9motionnels, pour l&rsquo;aider \u00e0 retrouver un \u00e9tat de bien-\u00eatre, un \u00e9quilibre et de la s\u00e9r\u00e9nit\u00e9.<\/p>\n<p style=\"text-align: justify;\">La dur\u00e9e de la s\u00e9ance est ind\u00e9termin\u00e9e car elle s&rsquo;adapte aux besoins de l&rsquo;animal et \u00e0 sa r\u00e9ceptivit\u00e9.<\/p>\n<p style=\"text-align: justify;\">Le soin et la communication animale se font \u00e0 distance, la plupart du temps, ils peuvent aussi s&rsquo;effectuer en contact direct avec l&rsquo;animal, selon ma possibilit\u00e9 de d\u00e9placement aupr\u00e8s du lieu de vie de l&rsquo;animal.<\/p>\n<p style=\"text-align: justify;\">La communication animale, permet d&rsquo;identifier, selon les messages transmis par celui-ci, les missions de vie de l&rsquo;animal aupr\u00e8s de ses humains, les m\u00e9moires \u00e9ventuelles port\u00e9es par l&rsquo;animal, les messages que l&rsquo;animal souhaite faire passer \u00e0 ses humains et les messages, qui, par effet miroir, sont destin\u00e9s \u00e0 leurs humains pour les aider dans leur \u00e9volution.<\/p>\n<p style=\"text-align: justify;\">Les soins \u00e9nerg\u00e9tiques accompagnent harmonieusement l&rsquo;animal tout au long de son parcours de gu\u00e9rison. Ces soins ne se substituent pas aux consultations chez un v\u00e9t\u00e9rinaire.<\/p>\n<p style=\"text-align: justify;\">Apr\u00e8s le soin, une consultation t\u00e9l\u00e9phonique s&rsquo;ensuit avec la personne qui fait la d\u00e9marche pour son animal. Un compte-rendu de la communication peut \u00e9galement \u00eatre envoy\u00e9 par \u00e9crit.<\/p>\n\n\n<h2 class=\"wp-block-heading\">Pr\u00e9paration d&rsquo;\u00e9lixirs de Fleurs de Bach<\/h2>\n\n\n<div class=\"wp-block-image\">\n<figure class=\"aligncenter size-large\"><img loading=\"lazy\" decoding=\"async\" width=\"1024\" height=\"682\" src=\"https:\/\/ouvrir-son-coeur.fr\/wp-content\/uploads\/2020\/02\/bach-flowers-3144611_1280-1024x682.jpg\" alt=\"\" class=\"wp-image-600\" srcset=\"https:\/\/ouvrir-son-coeur.fr\/wp-content\/uploads\/2020\/02\/bach-flowers-3144611_1280-1024x682.jpg 1024w, https:\/\/ouvrir-son-coeur.fr\/wp-content\/uploads\/2020\/02\/bach-flowers-3144611_1280-300x200.jpg 300w, https:\/\/ouvrir-son-coeur.fr\/wp-content\/uploads\/2020\/02\/bach-flowers-3144611_1280-768x512.jpg 768w, https:\/\/ouvrir-son-coeur.fr\/wp-content\/uploads\/2020\/02\/bach-flowers-3144611_1280-1200x800.jpg 1200w, https:\/\/ouvrir-son-coeur.fr\/wp-content\/uploads\/2020\/02\/bach-flowers-3144611_1280.jpg 1280w\" sizes=\"auto, (max-width: 1024px) 100vw, 1024px\" \/><\/figure>\n<\/div>\n\n<p style=\"text-align: justify;\">Les fleurs de Bach, au nombre de 38, r\u00e9-harmonisent les \u00e9motions sur le plan vibratoire. L&rsquo;\u00e9lixir, compos\u00e9 de 5 \u00e0 7 fleurs, cible les \u00e9motions n\u00e9gatives pr\u00e9dominantes, afin que l&rsquo;animal ou la personne retrouve un \u00e9quilibre \u00e9motionnel. La prise est quotidienne, son intensit\u00e9 et sa dur\u00e9e varient selon les besoins de l&rsquo;animal ou de la personne.<\/p>\n<p style=\"text-align: justify;\">Pour les animaux ou personnes se sentant perturb\u00e9s \u00e9motionnellement, j&rsquo;offre mon conseil aux personnes d\u00e9sireuses de pr\u00e9parer un \u00e9lixir personnalis\u00e9 ou pour cibler la Fleur de Bach prioritaire qui peut aider l&rsquo;individu sur le moment. Les fleurs de Bach se vendent en libre service.<\/p>\n<p style=\"text-align: justify;\">Contactez-moi par SMS, mail ou t\u00e9l\u00e9phone pour toutes demandes de conseils concernant les Fleurs de Bach.<\/p>","protected":false},"excerpt":{"rendered":"<p>Au service du vivant Soin pour les animaux Ce soin s&rsquo;adresse \u00e0 nos compagnons animaux, quelle que soit l&rsquo;esp\u00e8ce. Les animaux, en particulier ceux qui vivent pr\u00e8s des humains, sont soumis \u00e0 des perturbations physiques et \u00e9motionnelles, souvent par effet miroir, pour aider leurs compagnons humains. Cela s&rsquo;exprime par un \u00e9tat de sant\u00e9 d\u00e9ficient, des &hellip; <\/p>\n<p class=\"link-more\"><a href=\"https:\/\/ouvrir-son-coeur.fr\/\" class=\"more-link\">Continue reading<span class=\"screen-reader-text\"> \u00ab\u00a0Soins\u00a0\u00bb<\/span><\/a><\/p>\n","protected":false},"author":1,"featured_media":2278,"parent":0,"menu_order":0,"comment_status":"closed","ping_status":"closed","template":"","meta":{"footnotes":""},"class_list":["post-315","page","type-page","status-publish","has-post-thumbnail","hentry"],"yoast_head":"<!-- This site is optimized with the Yoast SEO plugin v27.2 - https:\/\/yoast.com\/product\/yoast-seo-wordpress\/ -->\n<title>Communication animale et soins pour animaux - Delphine Orieux<\/title>\n<meta name=\"description\" content=\"Les animaux nous r\u00e9v\u00e8lent ce que nous avons \u00e0 l&#039;int\u00e9rieur de nous, de par leurs comportements. Les messages qu&#039;ils nous offrent sont un cadeau, pour nous accompagner sur notre chemin.\" \/>\n<meta name=\"robots\" content=\"index, follow, max-snippet:-1, max-image-preview:large, max-video-preview:-1\" \/>\n<link rel=\"canonical\" href=\"https:\/\/ouvrir-son-coeur.fr\/\" \/>\n<meta property=\"og:locale\" content=\"fr_FR\" \/>\n<meta property=\"og:type\" content=\"article\" \/>\n<meta property=\"og:title\" content=\"Communication animale et soins pour animaux - Delphine Orieux\" \/>\n<meta property=\"og:description\" content=\"Les animaux nous r\u00e9v\u00e8lent ce que nous avons \u00e0 l&#039;int\u00e9rieur de nous, de par leurs comportements. Les messages qu&#039;ils nous offrent sont un cadeau, pour nous accompagner sur notre chemin.\" \/>\n<meta property=\"og:url\" content=\"https:\/\/ouvrir-son-coeur.fr\/\" \/>\n<meta property=\"og:site_name\" content=\"Delphine ORIEUX\" \/>\n<meta property=\"article:modified_time\" content=\"2024-05-15T19:08:04+00:00\" \/>\n<meta property=\"og:image\" content=\"https:\/\/ouvrir-son-coeur.fr\/wp-content\/uploads\/2022\/11\/71673114_2509801119097527_6138808206555611136_o.jpg\" \/>\n\t<meta property=\"og:image:width\" content=\"1782\" \/>\n\t<meta property=\"og:image:height\" content=\"1188\" \/>\n\t<meta property=\"og:image:type\" content=\"image\/jpeg\" \/>\n<meta name=\"twitter:card\" content=\"summary_large_image\" \/>\n<meta name=\"twitter:label1\" content=\"Dur\u00e9e de lecture estim\u00e9e\" \/>\n\t<meta name=\"twitter:data1\" content=\"3 minutes\" \/>\n<script type=\"application\/ld+json\" class=\"yoast-schema-graph\">{\"@context\":\"https:\/\/schema.org\",\"@graph\":[{\"@type\":\"WebPage\",\"@id\":\"https:\/\/ouvrir-son-coeur.fr\/\",\"url\":\"https:\/\/ouvrir-son-coeur.fr\/\",\"name\":\"Communication animale et soins pour animaux - Delphine Orieux\",\"isPartOf\":{\"@id\":\"https:\/\/ouvrir-son-coeur.fr\/#website\"},\"primaryImageOfPage\":{\"@id\":\"https:\/\/ouvrir-son-coeur.fr\/#primaryimage\"},\"image\":{\"@id\":\"https:\/\/ouvrir-son-coeur.fr\/#primaryimage\"},\"thumbnailUrl\":\"https:\/\/ouvrir-son-coeur.fr\/wp-content\/uploads\/2022\/11\/71673114_2509801119097527_6138808206555611136_o.jpg\",\"datePublished\":\"2019-10-07T13:47:00+00:00\",\"dateModified\":\"2024-05-15T19:08:04+00:00\",\"description\":\"Les animaux nous r\u00e9v\u00e8lent ce que nous avons \u00e0 l'int\u00e9rieur de nous, de par leurs comportements. Les messages qu'ils nous offrent sont un cadeau, pour nous accompagner sur notre chemin.\",\"breadcrumb\":{\"@id\":\"https:\/\/ouvrir-son-coeur.fr\/#breadcrumb\"},\"inLanguage\":\"fr-FR\",\"potentialAction\":[{\"@type\":\"ReadAction\",\"target\":[\"https:\/\/ouvrir-son-coeur.fr\/\"]}]},{\"@type\":\"ImageObject\",\"inLanguage\":\"fr-FR\",\"@id\":\"https:\/\/ouvrir-son-coeur.fr\/#primaryimage\",\"url\":\"https:\/\/ouvrir-son-coeur.fr\/wp-content\/uploads\/2022\/11\/71673114_2509801119097527_6138808206555611136_o.jpg\",\"contentUrl\":\"https:\/\/ouvrir-son-coeur.fr\/wp-content\/uploads\/2022\/11\/71673114_2509801119097527_6138808206555611136_o.jpg\",\"width\":1782,\"height\":1188},{\"@type\":\"BreadcrumbList\",\"@id\":\"https:\/\/ouvrir-son-coeur.fr\/#breadcrumb\",\"itemListElement\":[{\"@type\":\"ListItem\",\"position\":1,\"name\":\"Accueil\",\"item\":\"https:\/\/ouvrir-son-coeur.fr\/\"},{\"@type\":\"ListItem\",\"position\":2,\"name\":\"Soins\"}]},{\"@type\":\"WebSite\",\"@id\":\"https:\/\/ouvrir-son-coeur.fr\/#website\",\"url\":\"https:\/\/ouvrir-son-coeur.fr\/\",\"name\":\"Delphine ORIEUX\",\"description\":\"Ouvrir son coeur pour un retour \u00e0 soi\",\"publisher\":{\"@id\":\"https:\/\/ouvrir-son-coeur.fr\/#organization\"},\"potentialAction\":[{\"@type\":\"SearchAction\",\"target\":{\"@type\":\"EntryPoint\",\"urlTemplate\":\"https:\/\/ouvrir-son-coeur.fr\/?s={search_term_string}\"},\"query-input\":{\"@type\":\"PropertyValueSpecification\",\"valueRequired\":true,\"valueName\":\"search_term_string\"}}],\"inLanguage\":\"fr-FR\"},{\"@type\":\"Organization\",\"@id\":\"https:\/\/ouvrir-son-coeur.fr\/#organization\",\"name\":\"Delphine ORIEUX\",\"url\":\"https:\/\/ouvrir-son-coeur.fr\/\",\"logo\":{\"@type\":\"ImageObject\",\"inLanguage\":\"fr-FR\",\"@id\":\"https:\/\/ouvrir-son-coeur.fr\/#\/schema\/logo\/image\/\",\"url\":\"https:\/\/ouvrir-son-coeur.fr\/wp-content\/uploads\/2019\/10\/cropped-71673114_2509801119097527_6138808206555611136_o-15.jpg\",\"contentUrl\":\"https:\/\/ouvrir-son-coeur.fr\/wp-content\/uploads\/2019\/10\/cropped-71673114_2509801119097527_6138808206555611136_o-15.jpg\",\"width\":546,\"height\":505,\"caption\":\"Delphine ORIEUX\"},\"image\":{\"@id\":\"https:\/\/ouvrir-son-coeur.fr\/#\/schema\/logo\/image\/\"}}]}<\/script>\n<!-- \/ Yoast SEO plugin. -->","yoast_head_json":{"title":"Communication animale et soins pour animaux - Delphine Orieux","description":"Les animaux nous r\u00e9v\u00e8lent ce que nous avons \u00e0 l'int\u00e9rieur de nous, de par leurs comportements. Les messages qu'ils nous offrent sont un cadeau, pour nous accompagner sur notre chemin.","robots":{"index":"index","follow":"follow","max-snippet":"max-snippet:-1","max-image-preview":"max-image-preview:large","max-video-preview":"max-video-preview:-1"},"canonical":"https:\/\/ouvrir-son-coeur.fr\/","og_locale":"fr_FR","og_type":"article","og_title":"Communication animale et soins pour animaux - Delphine Orieux","og_description":"Les animaux nous r\u00e9v\u00e8lent ce que nous avons \u00e0 l'int\u00e9rieur de nous, de par leurs comportements. Les messages qu'ils nous offrent sont un cadeau, pour nous accompagner sur notre chemin.","og_url":"https:\/\/ouvrir-son-coeur.fr\/","og_site_name":"Delphine ORIEUX","article_modified_time":"2024-05-15T19:08:04+00:00","og_image":[{"width":1782,"height":1188,"url":"https:\/\/ouvrir-son-coeur.fr\/wp-content\/uploads\/2022\/11\/71673114_2509801119097527_6138808206555611136_o.jpg","type":"image\/jpeg"}],"twitter_card":"summary_large_image","twitter_misc":{"Dur\u00e9e de lecture estim\u00e9e":"3 minutes"},"schema":{"@context":"https:\/\/schema.org","@graph":[{"@type":"WebPage","@id":"https:\/\/ouvrir-son-coeur.fr\/","url":"https:\/\/ouvrir-son-coeur.fr\/","name":"Communication animale et soins pour animaux - Delphine Orieux","isPartOf":{"@id":"https:\/\/ouvrir-son-coeur.fr\/#website"},"primaryImageOfPage":{"@id":"https:\/\/ouvrir-son-coeur.fr\/#primaryimage"},"image":{"@id":"https:\/\/ouvrir-son-coeur.fr\/#primaryimage"},"thumbnailUrl":"https:\/\/ouvrir-son-coeur.fr\/wp-content\/uploads\/2022\/11\/71673114_2509801119097527_6138808206555611136_o.jpg","datePublished":"2019-10-07T13:47:00+00:00","dateModified":"2024-05-15T19:08:04+00:00","description":"Les animaux nous r\u00e9v\u00e8lent ce que nous avons \u00e0 l'int\u00e9rieur de nous, de par leurs comportements. Les messages qu'ils nous offrent sont un cadeau, pour nous accompagner sur notre chemin.","breadcrumb":{"@id":"https:\/\/ouvrir-son-coeur.fr\/#breadcrumb"},"inLanguage":"fr-FR","potentialAction":[{"@type":"ReadAction","target":["https:\/\/ouvrir-son-coeur.fr\/"]}]},{"@type":"ImageObject","inLanguage":"fr-FR","@id":"https:\/\/ouvrir-son-coeur.fr\/#primaryimage","url":"https:\/\/ouvrir-son-coeur.fr\/wp-content\/uploads\/2022\/11\/71673114_2509801119097527_6138808206555611136_o.jpg","contentUrl":"https:\/\/ouvrir-son-coeur.fr\/wp-content\/uploads\/2022\/11\/71673114_2509801119097527_6138808206555611136_o.jpg","width":1782,"height":1188},{"@type":"BreadcrumbList","@id":"https:\/\/ouvrir-son-coeur.fr\/#breadcrumb","itemListElement":[{"@type":"ListItem","position":1,"name":"Accueil","item":"https:\/\/ouvrir-son-coeur.fr\/"},{"@type":"ListItem","position":2,"name":"Soins"}]},{"@type":"WebSite","@id":"https:\/\/ouvrir-son-coeur.fr\/#website","url":"https:\/\/ouvrir-son-coeur.fr\/","name":"Delphine ORIEUX","description":"Ouvrir son coeur pour un retour \u00e0 soi","publisher":{"@id":"https:\/\/ouvrir-son-coeur.fr\/#organization"},"potentialAction":[{"@type":"SearchAction","target":{"@type":"EntryPoint","urlTemplate":"https:\/\/ouvrir-son-coeur.fr\/?s={search_term_string}"},"query-input":{"@type":"PropertyValueSpecification","valueRequired":true,"valueName":"search_term_string"}}],"inLanguage":"fr-FR"},{"@type":"Organization","@id":"https:\/\/ouvrir-son-coeur.fr\/#organization","name":"Delphine ORIEUX","url":"https:\/\/ouvrir-son-coeur.fr\/","logo":{"@type":"ImageObject","inLanguage":"fr-FR","@id":"https:\/\/ouvrir-son-coeur.fr\/#\/schema\/logo\/image\/","url":"https:\/\/ouvrir-son-coeur.fr\/wp-content\/uploads\/2019\/10\/cropped-71673114_2509801119097527_6138808206555611136_o-15.jpg","contentUrl":"https:\/\/ouvrir-son-coeur.fr\/wp-content\/uploads\/2019\/10\/cropped-71673114_2509801119097527_6138808206555611136_o-15.jpg","width":546,"height":505,"caption":"Delphine ORIEUX"},"image":{"@id":"https:\/\/ouvrir-son-coeur.fr\/#\/schema\/logo\/image\/"}}]}},"_links":{"self":[{"href":"https:\/\/ouvrir-son-coeur.fr\/index.php\/wp-json\/wp\/v2\/pages\/315","targetHints":{"allow":["GET"]}}],"collection":[{"href":"https:\/\/ouvrir-son-coeur.fr\/index.php\/wp-json\/wp\/v2\/pages"}],"about":[{"href":"https:\/\/ouvrir-son-coeur.fr\/index.php\/wp-json\/wp\/v2\/types\/page"}],"author":[{"embeddable":true,"href":"https:\/\/ouvrir-son-coeur.fr\/index.php\/wp-json\/wp\/v2\/users\/1"}],"replies":[{"embeddable":true,"href":"https:\/\/ouvrir-son-coeur.fr\/index.php\/wp-json\/wp\/v2\/comments?post=315"}],"version-history":[{"count":62,"href":"https:\/\/ouvrir-son-coeur.fr\/index.php\/wp-json\/wp\/v2\/pages\/315\/revisions"}],"predecessor-version":[{"id":2897,"href":"https:\/\/ouvrir-son-coeur.fr\/index.php\/wp-json\/wp\/v2\/pages\/315\/revisions\/2897"}],"wp:featuredmedia":[{"embeddable":true,"href":"https:\/\/ouvrir-son-coeur.fr\/index.php\/wp-json\/wp\/v2\/media\/2278"}],"wp:attachment":[{"href":"https:\/\/ouvrir-son-coeur.fr\/index.php\/wp-json\/wp\/v2\/media?parent=315"}],"curies":[{"name":"wp","href":"https:\/\/api.w.org\/{rel}","templated":true}]}}