{"id":2121,"date":"2022-10-06T13:44:31","date_gmt":"2022-10-06T11:44:31","guid":{"rendered":"https:\/\/ouvrir-son-coeur.fr\/?page_id=2121"},"modified":"2022-11-30T10:50:19","modified_gmt":"2022-11-30T09:50:19","slug":"astuces-bien-etre","status":"publish","type":"page","link":"https:\/\/ouvrir-son-coeur.fr\/index.php\/astuces-bien-etre\/","title":{"rendered":"Astuces bien-\u00eatre"},"content":{"rendered":"<p style=\"text-align: justify;\">Sur cette page je partage des astuces, que j&rsquo;applique pour moi-m\u00eame, et qui m&rsquo;aident \u00e0 surmonter ce que je crois \u00eatre des difficult\u00e9s de la vie quotidienne. A force d&rsquo;exp\u00e9riences r\u00e9p\u00e9titives, j&rsquo;apprends dans ma vie de tous les jours \u00e0 l\u00e2cher ce qui procure du stress, pour pouvoir vivre plus d\u00e9tendue et de mieux en mieux choisir l&rsquo;\u00e9tat pr\u00e9sent dans lequel je souhaite \u00eatre.<\/p>\n<div class=\"pt-cv-wrapper\"><div class=\"pt-cv-view pt-cv-grid pt-cv-colsys\" id=\"pt-cv-view-b833d4e1n0\"><div data-id=\"pt-cv-page-1\" class=\"pt-cv-page\" data-cvc=\"2\"><div class=\"col-md-6 col-sm-6 col-xs-12 pt-cv-content-item pt-cv-1-col\" ><div class='pt-cv-ifield'><a href=\"https:\/\/ouvrir-son-coeur.fr\/index.php\/2023\/09\/18\/liberer-lespace-pour-sentir-le-flux-interieur-de-la-vie\/\" class=\"_self pt-cv-href-thumbnail pt-cv-thumb-default\" target=\"_self\" ><img loading=\"lazy\" decoding=\"async\" width=\"640\" height=\"480\" src=\"https:\/\/ouvrir-son-coeur.fr\/wp-content\/uploads\/2023\/09\/fractal-14680_640.jpg\" class=\"pt-cv-thumbnail\" alt=\"\" srcset=\"https:\/\/ouvrir-son-coeur.fr\/wp-content\/uploads\/2023\/09\/fractal-14680_640.jpg 640w, https:\/\/ouvrir-son-coeur.fr\/wp-content\/uploads\/2023\/09\/fractal-14680_640-300x225.jpg 300w\" sizes=\"auto, (max-width: 640px) 100vw, 640px\" \/><\/a>\n<h3 class=\"pt-cv-title\"><a href=\"https:\/\/ouvrir-son-coeur.fr\/index.php\/2023\/09\/18\/liberer-lespace-pour-sentir-le-flux-interieur-de-la-vie\/\" class=\"_self\" target=\"_self\" >Lib\u00e9rer l\u2019espace pour sentir le flux int\u00e9rieur de la vie<\/a><\/h3>\n<div class=\"pt-cv-content\">Ressenti: Tu as l\u2019impression que tes eaux int\u00e9rieures stagnent et que rien n\u2019avance dans ta vie. Un sentiment de bouchon ...<br \/><div class=\"pt-cv-rmwrap\"><a href=\"https:\/\/ouvrir-son-coeur.fr\/index.php\/2023\/09\/18\/liberer-lespace-pour-sentir-le-flux-interieur-de-la-vie\/\" class=\"_self pt-cv-readmore btn btn-success\" target=\"_self\">O<\/a><\/div><\/div><\/div><\/div>\n<div class=\"col-md-6 col-sm-6 col-xs-12 pt-cv-content-item pt-cv-1-col\" ><div class='pt-cv-ifield'><a href=\"https:\/\/ouvrir-son-coeur.fr\/index.php\/2023\/05\/27\/de-lattention-pour-soi-afin-detre-operationnel\/\" class=\"_self pt-cv-href-thumbnail pt-cv-thumb-default\" target=\"_self\" ><img loading=\"lazy\" decoding=\"async\" width=\"1280\" height=\"854\" src=\"https:\/\/ouvrir-son-coeur.fr\/wp-content\/uploads\/2023\/05\/bike-g3a4e87bf3_1280.jpg\" class=\"pt-cv-thumbnail\" alt=\"\" srcset=\"https:\/\/ouvrir-son-coeur.fr\/wp-content\/uploads\/2023\/05\/bike-g3a4e87bf3_1280.jpg 1280w, https:\/\/ouvrir-son-coeur.fr\/wp-content\/uploads\/2023\/05\/bike-g3a4e87bf3_1280-300x200.jpg 300w, https:\/\/ouvrir-son-coeur.fr\/wp-content\/uploads\/2023\/05\/bike-g3a4e87bf3_1280-1024x683.jpg 1024w, https:\/\/ouvrir-son-coeur.fr\/wp-content\/uploads\/2023\/05\/bike-g3a4e87bf3_1280-768x512.jpg 768w, https:\/\/ouvrir-son-coeur.fr\/wp-content\/uploads\/2023\/05\/bike-g3a4e87bf3_1280-1200x801.jpg 1200w\" sizes=\"auto, (max-width: 1280px) 100vw, 1280px\" \/><\/a>\n<h3 class=\"pt-cv-title\"><a href=\"https:\/\/ouvrir-son-coeur.fr\/index.php\/2023\/05\/27\/de-lattention-pour-soi-afin-detre-operationnel\/\" class=\"_self\" target=\"_self\" >De l&rsquo;attention pour Soi afin d&rsquo;\u00eatre op\u00e9rationnel<\/a><\/h3>\n<div class=\"pt-cv-content\">Ressenti: Tu te sens envahi par le doute et le d\u00e9sespoir par rapport \u00e0 une ou plusieurs situations. Tu tr\u00e9buches ...<br \/><div class=\"pt-cv-rmwrap\"><a href=\"https:\/\/ouvrir-son-coeur.fr\/index.php\/2023\/05\/27\/de-lattention-pour-soi-afin-detre-operationnel\/\" class=\"_self pt-cv-readmore btn btn-success\" target=\"_self\">O<\/a><\/div><\/div><\/div><\/div>\n<div class=\"col-md-6 col-sm-6 col-xs-12 pt-cv-content-item pt-cv-1-col\" ><div class='pt-cv-ifield'><a href=\"https:\/\/ouvrir-son-coeur.fr\/index.php\/2022\/11\/30\/acceptation-et-reconnexion-a-sa-lumiere\/\" class=\"_self pt-cv-href-thumbnail pt-cv-thumb-default\" target=\"_self\" ><img loading=\"lazy\" decoding=\"async\" width=\"1280\" height=\"848\" src=\"https:\/\/ouvrir-son-coeur.fr\/wp-content\/uploads\/2022\/11\/mountains-3048299_1280-1.jpg\" class=\"pt-cv-thumbnail\" alt=\"\" srcset=\"https:\/\/ouvrir-son-coeur.fr\/wp-content\/uploads\/2022\/11\/mountains-3048299_1280-1.jpg 1280w, https:\/\/ouvrir-son-coeur.fr\/wp-content\/uploads\/2022\/11\/mountains-3048299_1280-1-300x199.jpg 300w, https:\/\/ouvrir-son-coeur.fr\/wp-content\/uploads\/2022\/11\/mountains-3048299_1280-1-1024x678.jpg 1024w, https:\/\/ouvrir-son-coeur.fr\/wp-content\/uploads\/2022\/11\/mountains-3048299_1280-1-768x509.jpg 768w, https:\/\/ouvrir-son-coeur.fr\/wp-content\/uploads\/2022\/11\/mountains-3048299_1280-1-1200x795.jpg 1200w\" sizes=\"auto, (max-width: 1280px) 100vw, 1280px\" \/><\/a>\n<h3 class=\"pt-cv-title\"><a href=\"https:\/\/ouvrir-son-coeur.fr\/index.php\/2022\/11\/30\/acceptation-et-reconnexion-a-sa-lumiere\/\" class=\"_self\" target=\"_self\" >Acceptation et reconnexion \u00e0 sa lumi\u00e8re<\/a><\/h3>\n<div class=\"pt-cv-content\">Ressenti: Tu te sens totalement d\u00e9courag\u00e9 et d\u00e9sesp\u00e9r\u00e9. Tu as envie de tout arr\u00eater, que se soit une activit\u00e9, une ...<br \/><div class=\"pt-cv-rmwrap\"><a href=\"https:\/\/ouvrir-son-coeur.fr\/index.php\/2022\/11\/30\/acceptation-et-reconnexion-a-sa-lumiere\/\" class=\"_self pt-cv-readmore btn btn-success\" target=\"_self\">O<\/a><\/div><\/div><\/div><\/div>\n<div class=\"col-md-6 col-sm-6 col-xs-12 pt-cv-content-item pt-cv-1-col\" ><div class='pt-cv-ifield'><a href=\"https:\/\/ouvrir-son-coeur.fr\/index.php\/2022\/10\/25\/sentir-la-force-interieure-de-vie\/\" class=\"_self pt-cv-href-thumbnail pt-cv-thumb-default\" target=\"_self\" ><img loading=\"lazy\" decoding=\"async\" width=\"1280\" height=\"853\" src=\"https:\/\/ouvrir-son-coeur.fr\/wp-content\/uploads\/2022\/10\/night-g818e52286_1280.jpg\" class=\"pt-cv-thumbnail\" alt=\"\" srcset=\"https:\/\/ouvrir-son-coeur.fr\/wp-content\/uploads\/2022\/10\/night-g818e52286_1280.jpg 1280w, https:\/\/ouvrir-son-coeur.fr\/wp-content\/uploads\/2022\/10\/night-g818e52286_1280-300x200.jpg 300w, https:\/\/ouvrir-son-coeur.fr\/wp-content\/uploads\/2022\/10\/night-g818e52286_1280-1024x682.jpg 1024w, https:\/\/ouvrir-son-coeur.fr\/wp-content\/uploads\/2022\/10\/night-g818e52286_1280-768x512.jpg 768w, https:\/\/ouvrir-son-coeur.fr\/wp-content\/uploads\/2022\/10\/night-g818e52286_1280-1200x800.jpg 1200w\" sizes=\"auto, (max-width: 1280px) 100vw, 1280px\" \/><\/a>\n<h3 class=\"pt-cv-title\"><a href=\"https:\/\/ouvrir-son-coeur.fr\/index.php\/2022\/10\/25\/sentir-la-force-interieure-de-vie\/\" class=\"_self\" target=\"_self\" >Sentir la force int\u00e9rieure de vie<\/a><\/h3>\n<div class=\"pt-cv-content\">Ressenti: Tu te sens d\u00e9sempar\u00e9 par rapport \u00e0 une situation, \u00e0 des individus, \u00e0 un \u00e9tat g\u00e9n\u00e9ral. Tu ressens qu\u2019aussi ...<br \/><div class=\"pt-cv-rmwrap\"><a href=\"https:\/\/ouvrir-son-coeur.fr\/index.php\/2022\/10\/25\/sentir-la-force-interieure-de-vie\/\" class=\"_self pt-cv-readmore btn btn-success\" target=\"_self\">O<\/a><\/div><\/div><\/div><\/div>\n<div class=\"col-md-6 col-sm-6 col-xs-12 pt-cv-content-item pt-cv-1-col\" ><div class='pt-cv-ifield'><a href=\"https:\/\/ouvrir-son-coeur.fr\/index.php\/2022\/10\/20\/laisser-aller-le-passe-par-une-reinitialisation\/\" class=\"_self pt-cv-href-thumbnail pt-cv-thumb-default\" target=\"_self\" ><img loading=\"lazy\" decoding=\"async\" width=\"1280\" height=\"820\" src=\"https:\/\/ouvrir-son-coeur.fr\/wp-content\/uploads\/2022\/10\/arrows-gcf88601bb_1280.jpg\" class=\"pt-cv-thumbnail\" alt=\"\" srcset=\"https:\/\/ouvrir-son-coeur.fr\/wp-content\/uploads\/2022\/10\/arrows-gcf88601bb_1280.jpg 1280w, https:\/\/ouvrir-son-coeur.fr\/wp-content\/uploads\/2022\/10\/arrows-gcf88601bb_1280-300x192.jpg 300w, https:\/\/ouvrir-son-coeur.fr\/wp-content\/uploads\/2022\/10\/arrows-gcf88601bb_1280-1024x656.jpg 1024w, https:\/\/ouvrir-son-coeur.fr\/wp-content\/uploads\/2022\/10\/arrows-gcf88601bb_1280-768x492.jpg 768w, https:\/\/ouvrir-son-coeur.fr\/wp-content\/uploads\/2022\/10\/arrows-gcf88601bb_1280-1200x769.jpg 1200w\" sizes=\"auto, (max-width: 1280px) 100vw, 1280px\" \/><\/a>\n<h3 class=\"pt-cv-title\"><a href=\"https:\/\/ouvrir-son-coeur.fr\/index.php\/2022\/10\/20\/laisser-aller-le-passe-par-une-reinitialisation\/\" class=\"_self\" target=\"_self\" >Laisser aller le pass\u00e9 par une r\u00e9initialisation<\/a><\/h3>\n<div class=\"pt-cv-content\">Ressenti: Tu te sens perdu, fatigu\u00e9 et tu ne comprends pas o\u00f9 tu dois aller, ni pourquoi tu vis \u00e7a ...<br \/><div class=\"pt-cv-rmwrap\"><a href=\"https:\/\/ouvrir-son-coeur.fr\/index.php\/2022\/10\/20\/laisser-aller-le-passe-par-une-reinitialisation\/\" class=\"_self pt-cv-readmore btn btn-success\" target=\"_self\">O<\/a><\/div><\/div><\/div><\/div>\n<div class=\"col-md-6 col-sm-6 col-xs-12 pt-cv-content-item pt-cv-1-col\" ><div class='pt-cv-ifield'><a href=\"https:\/\/ouvrir-son-coeur.fr\/index.php\/2022\/10\/14\/delicatesse-et-accompagnement-de-soi\/\" class=\"_self pt-cv-href-thumbnail pt-cv-thumb-default\" target=\"_self\" ><img loading=\"lazy\" decoding=\"async\" width=\"1280\" height=\"960\" src=\"https:\/\/ouvrir-son-coeur.fr\/wp-content\/uploads\/2022\/10\/bath-salts-g4eceecaab_1280.jpg\" class=\"pt-cv-thumbnail\" alt=\"\" srcset=\"https:\/\/ouvrir-son-coeur.fr\/wp-content\/uploads\/2022\/10\/bath-salts-g4eceecaab_1280.jpg 1280w, https:\/\/ouvrir-son-coeur.fr\/wp-content\/uploads\/2022\/10\/bath-salts-g4eceecaab_1280-300x225.jpg 300w, https:\/\/ouvrir-son-coeur.fr\/wp-content\/uploads\/2022\/10\/bath-salts-g4eceecaab_1280-1024x768.jpg 1024w, https:\/\/ouvrir-son-coeur.fr\/wp-content\/uploads\/2022\/10\/bath-salts-g4eceecaab_1280-768x576.jpg 768w, https:\/\/ouvrir-son-coeur.fr\/wp-content\/uploads\/2022\/10\/bath-salts-g4eceecaab_1280-1200x900.jpg 1200w\" sizes=\"auto, (max-width: 1280px) 100vw, 1280px\" \/><\/a>\n<h3 class=\"pt-cv-title\"><a href=\"https:\/\/ouvrir-son-coeur.fr\/index.php\/2022\/10\/14\/delicatesse-et-accompagnement-de-soi\/\" class=\"_self\" target=\"_self\" >D\u00e9licatesse et accompagnement de Soi<\/a><\/h3>\n<div class=\"pt-cv-content\">Ressenti: Tu te sens agress\u00e9 par une manifestation ext\u00e9rieure, par un \u00eatre, par une \u00e9nergie, par un sens, par le ...<br \/><div class=\"pt-cv-rmwrap\"><a href=\"https:\/\/ouvrir-son-coeur.fr\/index.php\/2022\/10\/14\/delicatesse-et-accompagnement-de-soi\/\" class=\"_self pt-cv-readmore btn btn-success\" target=\"_self\">O<\/a><\/div><\/div><\/div><\/div>\n<div class=\"col-md-6 col-sm-6 col-xs-12 pt-cv-content-item pt-cv-1-col\" ><div class='pt-cv-ifield'><a href=\"https:\/\/ouvrir-son-coeur.fr\/index.php\/2022\/10\/07\/lacher-prise-pour-plus-de-fluidite\/\" class=\"_self pt-cv-href-thumbnail pt-cv-thumb-default\" target=\"_self\" ><img loading=\"lazy\" decoding=\"async\" width=\"1280\" height=\"852\" src=\"https:\/\/ouvrir-son-coeur.fr\/wp-content\/uploads\/2022\/10\/space-g9345fda97_1280.jpg\" class=\"pt-cv-thumbnail\" alt=\"\" srcset=\"https:\/\/ouvrir-son-coeur.fr\/wp-content\/uploads\/2022\/10\/space-g9345fda97_1280.jpg 1280w, https:\/\/ouvrir-son-coeur.fr\/wp-content\/uploads\/2022\/10\/space-g9345fda97_1280-300x200.jpg 300w, https:\/\/ouvrir-son-coeur.fr\/wp-content\/uploads\/2022\/10\/space-g9345fda97_1280-1024x682.jpg 1024w, https:\/\/ouvrir-son-coeur.fr\/wp-content\/uploads\/2022\/10\/space-g9345fda97_1280-768x511.jpg 768w, https:\/\/ouvrir-son-coeur.fr\/wp-content\/uploads\/2022\/10\/space-g9345fda97_1280-1200x799.jpg 1200w\" sizes=\"auto, (max-width: 1280px) 100vw, 1280px\" \/><\/a>\n<h3 class=\"pt-cv-title\"><a href=\"https:\/\/ouvrir-son-coeur.fr\/index.php\/2022\/10\/07\/lacher-prise-pour-plus-de-fluidite\/\" class=\"_self\" target=\"_self\" >L\u00e2cher-prise pour plus de fluidit\u00e9<\/a><\/h3>\n<div class=\"pt-cv-content\">Ressenti: Tu esp\u00e8res obtenir un r\u00e9sultat et rien ne se passe comme ton mental l\u2019a pr\u00e9vu. Tu te sens agac\u00e9, ...<br \/><div class=\"pt-cv-rmwrap\"><a href=\"https:\/\/ouvrir-son-coeur.fr\/index.php\/2022\/10\/07\/lacher-prise-pour-plus-de-fluidite\/\" class=\"_self pt-cv-readmore btn btn-success\" target=\"_self\">O<\/a><\/div><\/div><\/div><\/div>\n<div class=\"col-md-6 col-sm-6 col-xs-12 pt-cv-content-item pt-cv-1-col\" ><div class='pt-cv-ifield'><a href=\"https:\/\/ouvrir-son-coeur.fr\/index.php\/2022\/10\/06\/moment-par-moment\/\" class=\"_self pt-cv-href-thumbnail pt-cv-thumb-default\" target=\"_self\" ><img loading=\"lazy\" decoding=\"async\" width=\"1280\" height=\"853\" src=\"https:\/\/ouvrir-son-coeur.fr\/wp-content\/uploads\/2022\/10\/wallpaper-gfe5f3fcb4_1280.jpg\" class=\"pt-cv-thumbnail\" alt=\"\" srcset=\"https:\/\/ouvrir-son-coeur.fr\/wp-content\/uploads\/2022\/10\/wallpaper-gfe5f3fcb4_1280.jpg 1280w, https:\/\/ouvrir-son-coeur.fr\/wp-content\/uploads\/2022\/10\/wallpaper-gfe5f3fcb4_1280-300x200.jpg 300w, https:\/\/ouvrir-son-coeur.fr\/wp-content\/uploads\/2022\/10\/wallpaper-gfe5f3fcb4_1280-1024x682.jpg 1024w, https:\/\/ouvrir-son-coeur.fr\/wp-content\/uploads\/2022\/10\/wallpaper-gfe5f3fcb4_1280-768x512.jpg 768w, https:\/\/ouvrir-son-coeur.fr\/wp-content\/uploads\/2022\/10\/wallpaper-gfe5f3fcb4_1280-1200x800.jpg 1200w\" sizes=\"auto, (max-width: 1280px) 100vw, 1280px\" \/><\/a>\n<h3 class=\"pt-cv-title\"><a href=\"https:\/\/ouvrir-son-coeur.fr\/index.php\/2022\/10\/06\/moment-par-moment\/\" class=\"_self\" target=\"_self\" >Moment par moment<\/a><\/h3>\n<div class=\"pt-cv-content\">Ressenti: Tu as l\u2019impression que tu es d\u00e9bord\u00e9 et que c\u2019est trop. Tu te sens d\u00e9courag\u00e9 et tu as peur ...<br \/><div class=\"pt-cv-rmwrap\"><a href=\"https:\/\/ouvrir-son-coeur.fr\/index.php\/2022\/10\/06\/moment-par-moment\/\" class=\"_self pt-cv-readmore btn btn-success\" target=\"_self\">O<\/a><\/div><\/div><\/div><\/div><\/div><\/div><\/div>\n","protected":false},"excerpt":{"rendered":"<p>Sur cette page je partage des astuces, que j&rsquo;applique pour moi-m\u00eame, et qui m&rsquo;aident \u00e0 surmonter ce que je crois \u00eatre des difficult\u00e9s de la vie quotidienne. A force d&rsquo;exp\u00e9riences r\u00e9p\u00e9titives, j&rsquo;apprends dans ma vie de tous les jours \u00e0 l\u00e2cher ce qui procure du stress, pour pouvoir vivre plus d\u00e9tendue et de mieux en &hellip; <\/p>\n<p class=\"link-more\"><a href=\"https:\/\/ouvrir-son-coeur.fr\/index.php\/astuces-bien-etre\/\" class=\"more-link\">Continue reading<span class=\"screen-reader-text\"> \u00ab\u00a0Astuces bien-\u00eatre\u00a0\u00bb<\/span><\/a><\/p>\n","protected":false},"author":1,"featured_media":2278,"parent":0,"menu_order":0,"comment_status":"closed","ping_status":"closed","template":"","meta":{"footnotes":""},"class_list":["post-2121","page","type-page","status-publish","has-post-thumbnail","hentry"],"yoast_head":"<!-- This site is optimized with the Yoast SEO plugin v27.2 - https:\/\/yoast.com\/product\/yoast-seo-wordpress\/ -->\n<title>Astuces bien-\u00eatre - Delphine ORIEUX<\/title>\n<meta name=\"robots\" content=\"index, follow, max-snippet:-1, max-image-preview:large, max-video-preview:-1\" \/>\n<link rel=\"canonical\" href=\"https:\/\/ouvrir-son-coeur.fr\/index.php\/astuces-bien-etre\/\" \/>\n<meta property=\"og:locale\" content=\"fr_FR\" \/>\n<meta property=\"og:type\" content=\"article\" \/>\n<meta property=\"og:title\" content=\"Astuces bien-\u00eatre - Delphine ORIEUX\" \/>\n<meta property=\"og:description\" content=\"Sur cette page je partage des astuces, que j&rsquo;applique pour moi-m\u00eame, et qui m&rsquo;aident \u00e0 surmonter ce que je crois \u00eatre des difficult\u00e9s de la vie quotidienne. A force d&rsquo;exp\u00e9riences r\u00e9p\u00e9titives, j&rsquo;apprends dans ma vie de tous les jours \u00e0 l\u00e2cher ce qui procure du stress, pour pouvoir vivre plus d\u00e9tendue et de mieux en &hellip; Continue reading &quot;Astuces bien-\u00eatre&quot;\" \/>\n<meta property=\"og:url\" content=\"https:\/\/ouvrir-son-coeur.fr\/index.php\/astuces-bien-etre\/\" \/>\n<meta property=\"og:site_name\" content=\"Delphine ORIEUX\" \/>\n<meta property=\"article:modified_time\" content=\"2022-11-30T09:50:19+00:00\" \/>\n<meta property=\"og:image\" content=\"https:\/\/ouvrir-son-coeur.fr\/wp-content\/uploads\/2022\/11\/71673114_2509801119097527_6138808206555611136_o.jpg\" \/>\n\t<meta property=\"og:image:width\" content=\"1782\" \/>\n\t<meta property=\"og:image:height\" content=\"1188\" \/>\n\t<meta property=\"og:image:type\" content=\"image\/jpeg\" \/>\n<meta name=\"twitter:card\" content=\"summary_large_image\" \/>\n<meta name=\"twitter:label1\" content=\"Dur\u00e9e de lecture estim\u00e9e\" \/>\n\t<meta name=\"twitter:data1\" content=\"1 minute\" \/>\n<script type=\"application\/ld+json\" class=\"yoast-schema-graph\">{\"@context\":\"https:\/\/schema.org\",\"@graph\":[{\"@type\":\"WebPage\",\"@id\":\"https:\/\/ouvrir-son-coeur.fr\/index.php\/astuces-bien-etre\/\",\"url\":\"https:\/\/ouvrir-son-coeur.fr\/index.php\/astuces-bien-etre\/\",\"name\":\"Astuces bien-\u00eatre - Delphine ORIEUX\",\"isPartOf\":{\"@id\":\"https:\/\/ouvrir-son-coeur.fr\/#website\"},\"primaryImageOfPage\":{\"@id\":\"https:\/\/ouvrir-son-coeur.fr\/index.php\/astuces-bien-etre\/#primaryimage\"},\"image\":{\"@id\":\"https:\/\/ouvrir-son-coeur.fr\/index.php\/astuces-bien-etre\/#primaryimage\"},\"thumbnailUrl\":\"https:\/\/ouvrir-son-coeur.fr\/wp-content\/uploads\/2022\/11\/71673114_2509801119097527_6138808206555611136_o.jpg\",\"datePublished\":\"2022-10-06T11:44:31+00:00\",\"dateModified\":\"2022-11-30T09:50:19+00:00\",\"breadcrumb\":{\"@id\":\"https:\/\/ouvrir-son-coeur.fr\/index.php\/astuces-bien-etre\/#breadcrumb\"},\"inLanguage\":\"fr-FR\",\"potentialAction\":[{\"@type\":\"ReadAction\",\"target\":[\"https:\/\/ouvrir-son-coeur.fr\/index.php\/astuces-bien-etre\/\"]}]},{\"@type\":\"ImageObject\",\"inLanguage\":\"fr-FR\",\"@id\":\"https:\/\/ouvrir-son-coeur.fr\/index.php\/astuces-bien-etre\/#primaryimage\",\"url\":\"https:\/\/ouvrir-son-coeur.fr\/wp-content\/uploads\/2022\/11\/71673114_2509801119097527_6138808206555611136_o.jpg\",\"contentUrl\":\"https:\/\/ouvrir-son-coeur.fr\/wp-content\/uploads\/2022\/11\/71673114_2509801119097527_6138808206555611136_o.jpg\",\"width\":1782,\"height\":1188},{\"@type\":\"BreadcrumbList\",\"@id\":\"https:\/\/ouvrir-son-coeur.fr\/index.php\/astuces-bien-etre\/#breadcrumb\",\"itemListElement\":[{\"@type\":\"ListItem\",\"position\":1,\"name\":\"Accueil\",\"item\":\"https:\/\/ouvrir-son-coeur.fr\/\"},{\"@type\":\"ListItem\",\"position\":2,\"name\":\"Astuces bien-\u00eatre\"}]},{\"@type\":\"WebSite\",\"@id\":\"https:\/\/ouvrir-son-coeur.fr\/#website\",\"url\":\"https:\/\/ouvrir-son-coeur.fr\/\",\"name\":\"Delphine ORIEUX\",\"description\":\"Ouvrir son coeur pour un retour \u00e0 soi\",\"publisher\":{\"@id\":\"https:\/\/ouvrir-son-coeur.fr\/#organization\"},\"potentialAction\":[{\"@type\":\"SearchAction\",\"target\":{\"@type\":\"EntryPoint\",\"urlTemplate\":\"https:\/\/ouvrir-son-coeur.fr\/?s={search_term_string}\"},\"query-input\":{\"@type\":\"PropertyValueSpecification\",\"valueRequired\":true,\"valueName\":\"search_term_string\"}}],\"inLanguage\":\"fr-FR\"},{\"@type\":\"Organization\",\"@id\":\"https:\/\/ouvrir-son-coeur.fr\/#organization\",\"name\":\"Delphine ORIEUX\",\"url\":\"https:\/\/ouvrir-son-coeur.fr\/\",\"logo\":{\"@type\":\"ImageObject\",\"inLanguage\":\"fr-FR\",\"@id\":\"https:\/\/ouvrir-son-coeur.fr\/#\/schema\/logo\/image\/\",\"url\":\"https:\/\/ouvrir-son-coeur.fr\/wp-content\/uploads\/2019\/10\/cropped-71673114_2509801119097527_6138808206555611136_o-15.jpg\",\"contentUrl\":\"https:\/\/ouvrir-son-coeur.fr\/wp-content\/uploads\/2019\/10\/cropped-71673114_2509801119097527_6138808206555611136_o-15.jpg\",\"width\":546,\"height\":505,\"caption\":\"Delphine ORIEUX\"},\"image\":{\"@id\":\"https:\/\/ouvrir-son-coeur.fr\/#\/schema\/logo\/image\/\"}}]}<\/script>\n<!-- \/ Yoast SEO plugin. -->","yoast_head_json":{"title":"Astuces bien-\u00eatre - Delphine ORIEUX","robots":{"index":"index","follow":"follow","max-snippet":"max-snippet:-1","max-image-preview":"max-image-preview:large","max-video-preview":"max-video-preview:-1"},"canonical":"https:\/\/ouvrir-son-coeur.fr\/index.php\/astuces-bien-etre\/","og_locale":"fr_FR","og_type":"article","og_title":"Astuces bien-\u00eatre - Delphine ORIEUX","og_description":"Sur cette page je partage des astuces, que j&rsquo;applique pour moi-m\u00eame, et qui m&rsquo;aident \u00e0 surmonter ce que je crois \u00eatre des difficult\u00e9s de la vie quotidienne. A force d&rsquo;exp\u00e9riences r\u00e9p\u00e9titives, j&rsquo;apprends dans ma vie de tous les jours \u00e0 l\u00e2cher ce qui procure du stress, pour pouvoir vivre plus d\u00e9tendue et de mieux en &hellip; Continue reading \"Astuces bien-\u00eatre\"","og_url":"https:\/\/ouvrir-son-coeur.fr\/index.php\/astuces-bien-etre\/","og_site_name":"Delphine ORIEUX","article_modified_time":"2022-11-30T09:50:19+00:00","og_image":[{"width":1782,"height":1188,"url":"https:\/\/ouvrir-son-coeur.fr\/wp-content\/uploads\/2022\/11\/71673114_2509801119097527_6138808206555611136_o.jpg","type":"image\/jpeg"}],"twitter_card":"summary_large_image","twitter_misc":{"Dur\u00e9e de lecture estim\u00e9e":"1 minute"},"schema":{"@context":"https:\/\/schema.org","@graph":[{"@type":"WebPage","@id":"https:\/\/ouvrir-son-coeur.fr\/index.php\/astuces-bien-etre\/","url":"https:\/\/ouvrir-son-coeur.fr\/index.php\/astuces-bien-etre\/","name":"Astuces bien-\u00eatre - Delphine ORIEUX","isPartOf":{"@id":"https:\/\/ouvrir-son-coeur.fr\/#website"},"primaryImageOfPage":{"@id":"https:\/\/ouvrir-son-coeur.fr\/index.php\/astuces-bien-etre\/#primaryimage"},"image":{"@id":"https:\/\/ouvrir-son-coeur.fr\/index.php\/astuces-bien-etre\/#primaryimage"},"thumbnailUrl":"https:\/\/ouvrir-son-coeur.fr\/wp-content\/uploads\/2022\/11\/71673114_2509801119097527_6138808206555611136_o.jpg","datePublished":"2022-10-06T11:44:31+00:00","dateModified":"2022-11-30T09:50:19+00:00","breadcrumb":{"@id":"https:\/\/ouvrir-son-coeur.fr\/index.php\/astuces-bien-etre\/#breadcrumb"},"inLanguage":"fr-FR","potentialAction":[{"@type":"ReadAction","target":["https:\/\/ouvrir-son-coeur.fr\/index.php\/astuces-bien-etre\/"]}]},{"@type":"ImageObject","inLanguage":"fr-FR","@id":"https:\/\/ouvrir-son-coeur.fr\/index.php\/astuces-bien-etre\/#primaryimage","url":"https:\/\/ouvrir-son-coeur.fr\/wp-content\/uploads\/2022\/11\/71673114_2509801119097527_6138808206555611136_o.jpg","contentUrl":"https:\/\/ouvrir-son-coeur.fr\/wp-content\/uploads\/2022\/11\/71673114_2509801119097527_6138808206555611136_o.jpg","width":1782,"height":1188},{"@type":"BreadcrumbList","@id":"https:\/\/ouvrir-son-coeur.fr\/index.php\/astuces-bien-etre\/#breadcrumb","itemListElement":[{"@type":"ListItem","position":1,"name":"Accueil","item":"https:\/\/ouvrir-son-coeur.fr\/"},{"@type":"ListItem","position":2,"name":"Astuces bien-\u00eatre"}]},{"@type":"WebSite","@id":"https:\/\/ouvrir-son-coeur.fr\/#website","url":"https:\/\/ouvrir-son-coeur.fr\/","name":"Delphine ORIEUX","description":"Ouvrir son coeur pour un retour \u00e0 soi","publisher":{"@id":"https:\/\/ouvrir-son-coeur.fr\/#organization"},"potentialAction":[{"@type":"SearchAction","target":{"@type":"EntryPoint","urlTemplate":"https:\/\/ouvrir-son-coeur.fr\/?s={search_term_string}"},"query-input":{"@type":"PropertyValueSpecification","valueRequired":true,"valueName":"search_term_string"}}],"inLanguage":"fr-FR"},{"@type":"Organization","@id":"https:\/\/ouvrir-son-coeur.fr\/#organization","name":"Delphine ORIEUX","url":"https:\/\/ouvrir-son-coeur.fr\/","logo":{"@type":"ImageObject","inLanguage":"fr-FR","@id":"https:\/\/ouvrir-son-coeur.fr\/#\/schema\/logo\/image\/","url":"https:\/\/ouvrir-son-coeur.fr\/wp-content\/uploads\/2019\/10\/cropped-71673114_2509801119097527_6138808206555611136_o-15.jpg","contentUrl":"https:\/\/ouvrir-son-coeur.fr\/wp-content\/uploads\/2019\/10\/cropped-71673114_2509801119097527_6138808206555611136_o-15.jpg","width":546,"height":505,"caption":"Delphine ORIEUX"},"image":{"@id":"https:\/\/ouvrir-son-coeur.fr\/#\/schema\/logo\/image\/"}}]}},"_links":{"self":[{"href":"https:\/\/ouvrir-son-coeur.fr\/index.php\/wp-json\/wp\/v2\/pages\/2121","targetHints":{"allow":["GET"]}}],"collection":[{"href":"https:\/\/ouvrir-son-coeur.fr\/index.php\/wp-json\/wp\/v2\/pages"}],"about":[{"href":"https:\/\/ouvrir-son-coeur.fr\/index.php\/wp-json\/wp\/v2\/types\/page"}],"author":[{"embeddable":true,"href":"https:\/\/ouvrir-son-coeur.fr\/index.php\/wp-json\/wp\/v2\/users\/1"}],"replies":[{"embeddable":true,"href":"https:\/\/ouvrir-son-coeur.fr\/index.php\/wp-json\/wp\/v2\/comments?post=2121"}],"version-history":[{"count":14,"href":"https:\/\/ouvrir-son-coeur.fr\/index.php\/wp-json\/wp\/v2\/pages\/2121\/revisions"}],"predecessor-version":[{"id":2265,"href":"https:\/\/ouvrir-son-coeur.fr\/index.php\/wp-json\/wp\/v2\/pages\/2121\/revisions\/2265"}],"wp:featuredmedia":[{"embeddable":true,"href":"https:\/\/ouvrir-son-coeur.fr\/index.php\/wp-json\/wp\/v2\/media\/2278"}],"wp:attachment":[{"href":"https:\/\/ouvrir-son-coeur.fr\/index.php\/wp-json\/wp\/v2\/media?parent=2121"}],"curies":[{"name":"wp","href":"https:\/\/api.w.org\/{rel}","templated":true}]}}